{"id":118,"date":"2016-03-19T08:50:33","date_gmt":"2016-03-19T07:50:33","guid":{"rendered":"http:\/\/capmicro.com\/wp\/?page_id=118"},"modified":"2026-05-02T08:48:17","modified_gmt":"2026-05-02T07:48:17","slug":"horaires","status":"publish","type":"page","link":"https:\/\/capmicro.com\/index.php\/horaires\/","title":{"rendered":"Horaires"},"content":{"rendered":"\n<div class=\"wp-block-columns is-layout-flex wp-container-core-columns-is-layout-9d6595d7 wp-block-columns-is-layout-flex\">\n<div class=\"wp-block-column is-layout-flow wp-block-column-is-layout-flow\" style=\"flex-basis:100%\">\n<h2 class=\"wp-block-heading titre\"><span style=\"color: #0000b0;\"><img loading=\"lazy\" decoding=\"async\" class=\"alignleft wp-image-133 size-thumbnail\" src=\"http:\/\/capmicro.com\/wp\/wp-content\/uploads\/2016\/03\/logo21-03-150x150.png\" alt=\"Logo\" width=\"150\" height=\"150\" srcset=\"https:\/\/capmicro.com\/wp-content\/uploads\/2016\/03\/logo21-03-150x150.png 150w, https:\/\/capmicro.com\/wp-content\/uploads\/2016\/03\/logo21-03-300x300.png 300w, https:\/\/capmicro.com\/wp-content\/uploads\/2016\/03\/logo21-03-224x224.png 224w, https:\/\/capmicro.com\/wp-content\/uploads\/2016\/03\/logo21-03-50x50.png 50w, https:\/\/capmicro.com\/wp-content\/uploads\/2016\/03\/logo21-03-64x64.png 64w, https:\/\/capmicro.com\/wp-content\/uploads\/2016\/03\/logo21-03.png 600w\" sizes=\"auto, (max-width: 150px) 100vw, 150px\" \/><strong><span style=\"color: #ff0000;\">Sarl Cap Micro<\/span><\/strong><\/span><\/h2>\n\n\n\n<p><span style=\"color: #333333;\">111 boulevard Georges Clemenceau<\/span><\/p>\n\n\n\n<p><span style=\"color: #333333;\">59700 Marcq-en-Bar\u0153ul<br><\/span><\/p>\n\n\n\n<p class=\"has-text-align-left\"><span style=\"color: #333333;\"><b>T\u00e9l\u00e9phone : <\/b> 03 20 98 13 35<\/span><\/p>\n\n\n\n<h2 class=\"wp-block-heading\">&nbsp;<\/h2>\n\n\n\n\n\n<div class=\"wp-block-group\"><div class=\"wp-block-group__inner-container is-layout-constrained wp-block-group-is-layout-constrained\">\n<h1 class=\"wp-block-heading has-text-align-center\"><span style=\"color: #ff0000;\"><\/span><span style=\"color: #ff0000;\"><\/span><\/h1>\n\n\n\n\n\n<h1 class=\"wp-block-heading has-text-align-center\"><\/h1>\n\n\n\n<p class=\"has-text-align-center\"><\/p>\n\n\n\n\n\n<h3 style=\"text-align: center;\">Le magasin est ferm\u00e9 le vendredi 1 et le samedi 2 mai.<\/h3>\n<h3 style=\"text-align: center;\"><span style=\"color: #0000ff;\"><strong>Horaires d&rsquo;ouverture<\/strong><\/span><\/h3>\n<h3 style=\"text-align: center;\"><strong><span style=\"color: #0000ff;\">Mardi au Vendredi de 10h \u00e0 19h <\/span><\/strong><\/h3>\n<h3 style=\"text-align: center;\"><strong><span style=\"color: #ff0000;\"><span style=\"color: #0000ff;\">Samedi de 10h \u00e0 13h30<\/span> <\/span><\/strong><\/h3>\n<p style=\"text-align: center;\">Ferm\u00e9 le Dimanche, Lundi et les jours f\u00e9ri\u00e9s\u00a0<\/p>\n<h3 style=\"text-align: center;\">\u00a0<\/h3>\n<p>\u00a0<\/p>\n<h3 style=\"text-align: center;\"><strong><span style=\"color: #0000ff;\">Affluence<\/span><\/strong><\/h3>\n<p style=\"text-align: center;\">Afin de vous \u00e9viter une plus longue attente, l&rsquo;affluence en magasin est g\u00e9n\u00e9ralement plus importante le mardi matin \u00e0 l&rsquo;ouverture puis du mardi au vendredi de 14h \u00e0 17h.\u00a0<\/p>\n<p style=\"text-align: center;\">\u00a0<\/p>\n<p>\u00a0<\/p>\n<\/div><\/div>\n<\/div>\n<\/div>\n\n\n","protected":false},"excerpt":{"rendered":"<p>Sarl Cap Micro 111 boulevard Georges Clemenceau 59700 Marcq-en-Bar\u0153ul T\u00e9l\u00e9phone : 03 20 98 13 35 &nbsp; Le magasin est ferm\u00e9 le vendredi 1 et le samedi 2 mai. Horaires d&rsquo;ouverture Mardi au Vendredi de 10h \u00e0 19h Samedi de 10h \u00e0 13h30 Ferm\u00e9 le Dimanche, Lundi et les jours f\u00e9ri\u00e9s\u00a0 \u00a0 \u00a0 Affluence Afin<\/p>\n","protected":false},"author":1,"featured_media":0,"parent":0,"menu_order":0,"comment_status":"closed","ping_status":"closed","template":"","meta":{"footnotes":""},"class_list":["post-118","page","type-page","status-publish","hentry"],"aioseo_notices":[],"_links":{"self":[{"href":"https:\/\/capmicro.com\/index.php\/wp-json\/wp\/v2\/pages\/118","targetHints":{"allow":["GET"]}}],"collection":[{"href":"https:\/\/capmicro.com\/index.php\/wp-json\/wp\/v2\/pages"}],"about":[{"href":"https:\/\/capmicro.com\/index.php\/wp-json\/wp\/v2\/types\/page"}],"author":[{"embeddable":true,"href":"https:\/\/capmicro.com\/index.php\/wp-json\/wp\/v2\/users\/1"}],"replies":[{"embeddable":true,"href":"https:\/\/capmicro.com\/index.php\/wp-json\/wp\/v2\/comments?post=118"}],"version-history":[{"count":190,"href":"https:\/\/capmicro.com\/index.php\/wp-json\/wp\/v2\/pages\/118\/revisions"}],"predecessor-version":[{"id":1682,"href":"https:\/\/capmicro.com\/index.php\/wp-json\/wp\/v2\/pages\/118\/revisions\/1682"}],"wp:attachment":[{"href":"https:\/\/capmicro.com\/index.php\/wp-json\/wp\/v2\/media?parent=118"}],"curies":[{"name":"wp","href":"https:\/\/api.w.org\/{rel}","templated":true}]}}