{"id":1290,"date":"2020-04-06T16:40:59","date_gmt":"2020-04-06T15:40:59","guid":{"rendered":"https:\/\/capmicro.com\/?page_id=1290"},"modified":"2022-11-03T00:58:17","modified_gmt":"2022-11-02T23:58:17","slug":"information-covid-19","status":"publish","type":"page","link":"https:\/\/capmicro.com\/index.php\/information-covid-19\/","title":{"rendered":"Information COVID-19"},"content":{"rendered":"\n<p style=\"text-align: center;\"><span style=\"color: #ff0000;\"><strong>\u00a0<\/strong><\/span><\/p>\n<p>\u00a0<\/p>\n<p><span style=\"color: #000000;\">Ch\u00e8res clientes, chers clients,<\/span><\/p>\n<p>Pour vous tenir inform\u00e9 des derni\u00e8res mesures et recommandations au sujet du Covid-19, nous vous invitons \u00e0 consulter r\u00e9guli\u00e8rement le site du gouvernement.<\/p>\n<div class=\"text_exposed_show\"><a href=\"https:\/\/www.gouvernement.fr\/info-coronavirus\" target=\"_blank\" rel=\"noopener\">https:\/\/www.gouvernement.fr\/info-coronavirus<\/a><\/div>\n<div class=\"text_exposed_show\"><br \/>\n<p><span style=\"color: #000000;\"><strong>Nos activit\u00e9s fonctionnent normalement<\/strong>. Le port du masque n&rsquo;est plus obligatoire, du gel hydro-alcoolique est \u00e0 votre disposition \u00e0 l&rsquo;entr\u00e9e du magasin. Il n&rsquo;est pas n\u00e9cessaire de prendre rendez-vous pour vous rendre dans notre \u00e9tablissement.<\/span><\/p>\n<\/div>\n<div class=\"text_exposed_show\">\n<div class=\"text_exposed_show\"><br \/>\n<p><span style=\"color: #000000;\">L\u2019\u00e9quipe de Cap Micro<\/span><\/p>\n<\/div>\n<\/div>\n","protected":false},"excerpt":{"rendered":"<p>\u00a0 \u00a0 Ch\u00e8res clientes, chers clients, Pour vous tenir inform\u00e9 des derni\u00e8res mesures et recommandations au sujet du Covid-19, nous vous invitons \u00e0 consulter r\u00e9guli\u00e8rement le site du gouvernement. https:\/\/www.gouvernement.fr\/info-coronavirus Nos activit\u00e9s fonctionnent normalement. Le port du masque n&rsquo;est plus obligatoire, du gel hydro-alcoolique est \u00e0 votre disposition \u00e0 l&rsquo;entr\u00e9e du magasin. Il n&rsquo;est pas<\/p>\n","protected":false},"author":1,"featured_media":0,"parent":0,"menu_order":0,"comment_status":"closed","ping_status":"closed","template":"","meta":{"footnotes":""},"class_list":["post-1290","page","type-page","status-publish","hentry"],"aioseo_notices":[],"_links":{"self":[{"href":"https:\/\/capmicro.com\/index.php\/wp-json\/wp\/v2\/pages\/1290","targetHints":{"allow":["GET"]}}],"collection":[{"href":"https:\/\/capmicro.com\/index.php\/wp-json\/wp\/v2\/pages"}],"about":[{"href":"https:\/\/capmicro.com\/index.php\/wp-json\/wp\/v2\/types\/page"}],"author":[{"embeddable":true,"href":"https:\/\/capmicro.com\/index.php\/wp-json\/wp\/v2\/users\/1"}],"replies":[{"embeddable":true,"href":"https:\/\/capmicro.com\/index.php\/wp-json\/wp\/v2\/comments?post=1290"}],"version-history":[{"count":29,"href":"https:\/\/capmicro.com\/index.php\/wp-json\/wp\/v2\/pages\/1290\/revisions"}],"predecessor-version":[{"id":1486,"href":"https:\/\/capmicro.com\/index.php\/wp-json\/wp\/v2\/pages\/1290\/revisions\/1486"}],"wp:attachment":[{"href":"https:\/\/capmicro.com\/index.php\/wp-json\/wp\/v2\/media?parent=1290"}],"curies":[{"name":"wp","href":"https:\/\/api.w.org\/{rel}","templated":true}]}}