{"id":159,"date":"2016-03-23T00:47:58","date_gmt":"2016-03-22T23:47:58","guid":{"rendered":"http:\/\/capmicro.com\/wp\/?page_id=159"},"modified":"2020-12-17T02:47:34","modified_gmt":"2020-12-17T01:47:34","slug":"promotions","status":"publish","type":"page","link":"https:\/\/capmicro.com\/index.php\/promotions\/","title":{"rendered":"Portables d&rsquo;occasion"},"content":{"rendered":"\n<p>Chaque ordinateur portable d\u2019occasion que Cap Micro vous propose a \u00e9t\u00e9 soigneusement s\u00e9lectionn\u00e9, v\u00e9rifi\u00e9, r\u00e9vis\u00e9 et nettoy\u00e9 par nos soins.<\/p>\n<p>\u00a0<\/p>\n<p>Le syst\u00e8me d\u2019exploitation a \u00e9t\u00e9 compl\u00e9tement r\u00e9initialis\u00e9 avec les derni\u00e8res mises \u00e0 jour disponibles (le jour de la pr\u00e9paration). Des applications pratiques et gratuites ont \u00e9t\u00e9 install\u00e9es : (Suite Bureautique, navigateurs, lecteur vid\u00e9o, audio et image&#8230;)<\/p>\n<p>\u00a0<\/p>\n<p>Chaque portable est ainsi test\u00e9 plusieurs heures pour \u00eatre imm\u00e9diatement op\u00e9rationnel et pr\u00eat \u00e0 emporter.<\/p>\n<p>\u00a0<\/p>\n<p>Nous assurons une garantie de 6 mois.<\/p>\n<p>\u00a0<\/p>\n<p>Pour consulter une partie des mod\u00e8les disponibles, merci de suivre le lien de notre boutique Facebook ci-dessous.<\/p>\n<p>\u00a0<\/p>\n<p><\/p>\n<h3 style=\"text-align: center;\"><a href=\"https:\/\/www.facebook.com\/capmicro\/shop\/?ref_code=mini_shop_page_card_cta&amp;ref_surface=page\" target=\"_blank\" rel=\"nofollow noopener\">Boutique Facebook<\/a><\/h3>\n<p>\u00a0<\/p>\n<p>Vous n\u2019\u00eates pas oblig\u00e9 d\u2019avoir un compte Facebook et\/ou de vous identifier pour consulter la boutique.<\/p>\n<p>\u00a0<\/p>\n<p><br \/>Vous pouvez aussi retrouver les mod\u00e8les pr\u00e9sent\u00e9s ainsi que beaucoup d\u2019autres directement en magasin \u00e0 Marcq-en-Bar\u0153ul.<\/p>\n<p>\u00a0<\/p>\n<p>Nous disposons aussi d&rsquo;ordinateurs fixes.<\/p>\n<p>\u00a0<\/p>\n<p>N\u2019h\u00e9sitez pas \u00e0 revenir r\u00e9guli\u00e8rement pour d\u00e9couvrir les nouveaux arrivages<\/p>\n\n\n<p>\u00a0<\/p>\n<p style=\"text-align: center;\">\u00a0<\/p>\n\n\n<div class=\"wp-block-group is-layout-flow wp-block-group-is-layout-flow\"><div class=\"wp-block-group__inner-container\"><\/div><\/div>\n","protected":false},"excerpt":{"rendered":"<p>\u00a0 \u00a0<\/p>\n","protected":false},"author":1,"featured_media":0,"parent":0,"menu_order":0,"comment_status":"closed","ping_status":"closed","template":"","meta":{"footnotes":""},"class_list":["post-159","page","type-page","status-publish","hentry"],"aioseo_notices":[],"_links":{"self":[{"href":"https:\/\/capmicro.com\/index.php\/wp-json\/wp\/v2\/pages\/159","targetHints":{"allow":["GET"]}}],"collection":[{"href":"https:\/\/capmicro.com\/index.php\/wp-json\/wp\/v2\/pages"}],"about":[{"href":"https:\/\/capmicro.com\/index.php\/wp-json\/wp\/v2\/types\/page"}],"author":[{"embeddable":true,"href":"https:\/\/capmicro.com\/index.php\/wp-json\/wp\/v2\/users\/1"}],"replies":[{"embeddable":true,"href":"https:\/\/capmicro.com\/index.php\/wp-json\/wp\/v2\/comments?post=159"}],"version-history":[{"count":175,"href":"https:\/\/capmicro.com\/index.php\/wp-json\/wp\/v2\/pages\/159\/revisions"}],"predecessor-version":[{"id":1397,"href":"https:\/\/capmicro.com\/index.php\/wp-json\/wp\/v2\/pages\/159\/revisions\/1397"}],"wp:attachment":[{"href":"https:\/\/capmicro.com\/index.php\/wp-json\/wp\/v2\/media?parent=159"}],"curies":[{"name":"wp","href":"https:\/\/api.w.org\/{rel}","templated":true}]}}