{"id":2,"date":"2016-03-09T23:51:01","date_gmt":"2016-03-09T22:51:01","guid":{"rendered":"http:\/\/capmicro.com\/wp\/?page_id=2"},"modified":"2022-11-03T01:32:55","modified_gmt":"2022-11-03T00:32:55","slug":"atelier","status":"publish","type":"page","link":"https:\/\/capmicro.com\/index.php\/atelier\/","title":{"rendered":"D\u00e9pannage Atelier"},"content":{"rendered":"<h2 class=\"ico\"><span style=\"color: #0000b0;\"><img loading=\"lazy\" decoding=\"async\" class=\"size-thumbnail wp-image-133 alignleft\" src=\"http:\/\/capmicro.com\/wp\/wp-content\/uploads\/2016\/03\/logo21-03-150x150.png\" alt=\"Logo\" width=\"150\" height=\"150\" srcset=\"https:\/\/capmicro.com\/wp-content\/uploads\/2016\/03\/logo21-03-150x150.png 150w, https:\/\/capmicro.com\/wp-content\/uploads\/2016\/03\/logo21-03-300x300.png 300w, https:\/\/capmicro.com\/wp-content\/uploads\/2016\/03\/logo21-03-224x224.png 224w, https:\/\/capmicro.com\/wp-content\/uploads\/2016\/03\/logo21-03-50x50.png 50w, https:\/\/capmicro.com\/wp-content\/uploads\/2016\/03\/logo21-03-64x64.png 64w, https:\/\/capmicro.com\/wp-content\/uploads\/2016\/03\/logo21-03.png 600w\" sizes=\"auto, (max-width: 150px) 100vw, 150px\" \/><\/span><\/h2>\n<h2><span style=\"color: #ff0000;\">Tarifs et forfaits Atelier<\/span><\/h2>\n<h2><span style=\"color: #ff0000;\">Quelques exemples :<\/span><\/h2>\n<h3><\/h3>\n<h3><\/h3>\n<table style=\"width: 640px; height: 3000px;\">\n<tbody>\n<tr style=\"height: 187px;\">\n<td style=\"width: 518.017px; height: 187px;\">\n<h3 style=\"text-align: left;\"><span style=\"color: #0000b0;\">Forfait de prise en charge d&rsquo;un mat\u00e9riel<\/span><\/h3>\n<p style=\"text-align: left;\">R\u00e9alisation du diagnostic \/ devis. A r\u00e9gler lors du d\u00e9p\u00f4t du mat\u00e9riel. Si le montant de la r\u00e9paration n&rsquo;exc\u00e8de pas 59 \u20ac la r\u00e9paration du mat\u00e9riel est r\u00e9alis\u00e9e d&rsquo;office. Le montant de la prise en charge est d\u00e9duit de la facture finale (si sup\u00e9rieure) au moment de la facturation. La prise en charge n&rsquo;est pas remboursable en cas de refus de devis ou si le mat\u00e9riel est irr\u00e9parable. Ce forfait ne s&rsquo;applique pas aux Smartphones et tablettes (voir le tarif sp\u00e9cifique).<\/p>\n<\/td>\n<td style=\"width: 99.9833px; height: 187px; text-align: right;\">\n<h4><span style=\"color: #0000b0;\">29 \u20ac<\/span><\/h4>\n<\/td>\n<\/tr>\n<tr style=\"height: 187px;\">\n<td style=\"width: 518.017px; height: 187px;\">\n<h3 style=\"text-align: left;\"><span style=\"color: #0000b0;\">D\u00e9pannage au comptoir<\/span><\/h3>\n<p style=\"text-align: left;\">R\u00e9solution d&rsquo;un probl\u00e8me mineur ou \u00ab\u00a0micro-formation\u00a0\u00bb au comptoir ne n\u00e9cessitant pas la prise en charge en atelier. Possible ou non selon notre disponibilit\u00e9 et l&rsquo;affluence en magasin, mais la r\u00e9solution du probl\u00e8me ne doit pas exc\u00e9der quelques minutes pour ne pas retarder les autres d\u00e9pannages en cours en atelier.<\/p>\n<\/td>\n<td style=\"width: 99.9833px; height: 187px; text-align: right;\">\n<h4><span style=\"color: #0000b0;\">15 \u20ac<\/span><\/h4>\n<\/td>\n<\/tr>\n<tr style=\"height: 149px;\">\n<td style=\"width: 518.017px; height: 149px;\">\n<h3 style=\"text-align: left;\"><span style=\"color: #0000b0;\">Formule \u00ab\u00a0D\u00e9pannage Express\u00a0\u00bb<\/span><\/h3>\n<p style=\"text-align: left;\">Les r\u00e9parations sont trait\u00e9es par ordre d&rsquo;arriv\u00e9e. Gr\u00e2ce \u00e0 cette option le mat\u00e9riel ne sera pas dans la file d&rsquo;attente et l&rsquo;intervention d\u00e9butera en priorit\u00e9. Co\u00fbt en suppl\u00e9ment. Cette formule s&rsquo;adresse principalement aux professionnels.<\/p>\n<\/td>\n<td style=\"width: 99.9833px; height: 149px; text-align: right;\">\n<h4><span style=\"color: #0000b0;\">+39 \u20ac<\/span><\/h4>\n<\/td>\n<\/tr>\n<tr style=\"height: 149px;\">\n<td style=\"width: 518.017px; height: 149px;\">\n<h3 style=\"text-align: left;\"><span style=\"color: #0000b0;\">Suppression de virus<\/span><\/h3>\n<p style=\"text-align: left;\">Suppression de tous virus et logiciels malveillants (malwares, trojans, modules publicitaires). Tarif forfaitaire, sauf si les d\u00e9g\u00e2ts caus\u00e9s par le virus n\u00e9cessitent une r\u00e9installation de Windows.<\/p>\n<\/td>\n<td style=\"width: 99.9833px; height: 149px; text-align: right;\">\n<h4><span style=\"color: #0000b0;\">59 \u20ac<\/span><\/h4>\n<\/td>\n<\/tr>\n<tr style=\"height: 149px;\">\n<td style=\"width: 518.017px; height: 149px;\">\n<h3 style=\"text-align: left;\"><span style=\"color: #0000b0;\">Suppression de virus + optimisation du syst\u00e8me<\/span><\/h3>\n<p style=\"text-align: left;\">Suppression de virus (ci-dessus) + le nettoyage et l&rsquo;optimisation de Windows et du disque dur. Au besoin, conseils et devis pour am\u00e9liorer la machine (ajout de m\u00e9moire par exemple).<\/p>\n<\/td>\n<td style=\"width: 99.9833px; height: 149px; text-align: right;\">\n<h4><span style=\"color: #0000b0;\">79 \u20ac<\/span><\/h4>\n<\/td>\n<\/tr>\n<tr style=\"height: 149px;\">\n<td style=\"width: 518.017px; height: 149px;\">\n<h3 style=\"text-align: left;\"><span style=\"color: #0000b0;\">Installation \/ r\u00e9installation du syst\u00e8me<br \/>\n<\/span><\/h3>\n<p style=\"text-align: left;\"><strong><span style=\"color: #0000b0;\">Sans sauvegarde des donn\u00e9es<\/span> <\/strong><\/p>\n<p style=\"text-align: left;\">Cette intervention consiste \u00e0 formater le disque dur et \u00e0 installer \/ r\u00e9installer compl\u00e8tement Windows. Nous r\u00e9alisons les mises \u00e0 jour essentielles et la r\u00e9installation des pilotes. Ce prix sous entend que vous \u00eates d\u00e9j\u00e0 en possession d&rsquo;une licence de Windows valide et que les donn\u00e9es aient \u00e9t\u00e9 initialement sauvegard\u00e9es par vos soins.<\/p>\n<\/td>\n<td style=\"width: 99.9833px; height: 149px; text-align: right;\">\n<h4><span style=\"color: #0000b0;\">59 \u20ac<\/span><\/h4>\n<\/td>\n<\/tr>\n<tr style=\"height: 149px;\">\n<td style=\"width: 518.017px; height: 149px;\">\n<h3 style=\"text-align: left;\"><span style=\"color: #0000b0;\">Option :<\/span><\/h3>\n<p style=\"text-align: left;\"><span style=\"color: #0000b0;\"><strong>+ Sauvegarde pr\u00e9alable des donn\u00e9es<\/strong><\/span><\/p>\n<p style=\"text-align: left;\">R\u00e9alisation d&rsquo;une sauvegarde pr\u00e9alable des donn\u00e9es disponibles sur le disque dur. Restitution des donn\u00e9es \u00e0 l&rsquo;issue de la r\u00e9installation dans un r\u00e9pertoire \u00ab\u00a0Sauvegarde\u00a0\u00bb qui figurera sur le bureau.\u00a0 &#8211; <em>Les donn\u00e9es \u00e0 sauvegarder doivent \u00eatre parfaitement accessibles, le disque dur en bon \u00e9tat. Il ne s&rsquo;agit en aucun cas d&rsquo;une prestation de r\u00e9cup\u00e9ration de donn\u00e9es perdues ou effac\u00e9es<\/em> -.<\/p>\n<\/td>\n<td style=\"width: 99.9833px; height: 149px; text-align: right;\">\n<h4><span style=\"color: #0000b0;\">+39 \u20ac<\/span><\/h4>\n<\/td>\n<\/tr>\n<tr style=\"height: 149px;\">\n<td style=\"width: 518.017px; height: 149px;\">\n<h3 style=\"text-align: left;\"><span style=\"color: #0000b0;\">Option :<\/span><\/h3>\n<p style=\"text-align: left;\"><span style=\"color: #0000b0;\"><strong>+ mises \u00e0 jour optimales<\/strong><\/span><\/p>\n<p style=\"text-align: left;\">Lors de l&rsquo;installation \/ r\u00e9installation du syst\u00e8me les mises \u00e0 jour essentielles sont install\u00e9es. Toutefois nous pouvons r\u00e9aliser les mises \u00e0 jour optimales et facultatives. Il s&rsquo;agit d&rsquo;une op\u00e9ration qui peut prendre plusieurs heures en l&rsquo;absence d&rsquo;un acc\u00e8s \u00e0 internet tr\u00e8s rapide.<\/p>\n<\/td>\n<td style=\"width: 99.9833px; height: 149px; text-align: right;\">\n<h4><span style=\"color: #0000b0;\">+ 20 \u20ac<\/span><\/h4>\n<\/td>\n<\/tr>\n<tr style=\"height: 149px;\">\n<td style=\"width: 518.017px; height: 149px;\">\n<h3 style=\"text-align: left;\"><span style=\"color: #0000b0;\">R\u00e9cup\u00e9ration de donn\u00e9es perdues<br \/>\n<\/span><\/h3>\n<p style=\"text-align: left;\">Erreur malencontreuse, crash informatique, v\u00e9tust\u00e9, chute, virus, choc \u00e9lectrique sont autant de rasons qui peuvent endommager un support et emp\u00eacher l&rsquo;acc\u00e8s aux donn\u00e9es. Chaque situation est particuli\u00e8re, nous vous proposerons la votre apr\u00e8s analyse du support \u00e0 traiter et en fonction de la complexit\u00e9, de la qualit\u00e9 et de la quantit\u00e9 de donn\u00e9es r\u00e9cup\u00e9rables.<\/p>\n<\/td>\n<td style=\"width: 99.9833px; height: 149px; text-align: right;\">\n<h4><span style=\"color: #0000b0;\">D\u00e8s<\/span><\/h4>\n<h4><span style=\"color: #0000b0;\">59 \u20ac et jusqu&rsquo;\u00e0 150 \u20ac<br \/>\n<\/span><\/h4>\n<\/td>\n<\/tr>\n<tr style=\"height: 149px;\">\n<td style=\"width: 518.017px; height: 149px;\">\n<h3 style=\"text-align: left;\"><span style=\"color: #0000b0;\">Clonage d&rsquo;un disque dur<br \/>\n<\/span><\/h3>\n<p style=\"text-align: left;\">Permet de copier la totalit\u00e9 du contenu d&rsquo;un disque dur sain (syst\u00e8me + donn\u00e9es) vers un nouveau disque dur afin d&rsquo;obtenir une image de secours, disposer d&rsquo;un disque de plus grande contenance et\/ou de meilleures performances.<\/p>\n<\/td>\n<td style=\"width: 99.9833px; height: 149px; text-align: right;\">\n<h4><span style=\"color: #0000b0;\">99 \u20ac<\/span><\/h4>\n<\/td>\n<\/tr>\n<tr style=\"height: 149px;\">\n<td style=\"width: 518.017px; height: 149px;\">\n<h3 style=\"text-align: left;\"><span style=\"color: #0000b0;\">Montage d&rsquo;un composant dans un PC fixe<\/span><\/h3>\n<p style=\"text-align: left;\">Graveur, disque dur, m\u00e9moire, carte son, carte wifi, carte graphique, lecteur de cartes&#8230; dans un ordinateur fixe. Des frais peuvent s&rsquo;ajouter si le d\u00e9pannage de l&rsquo;ordinateur h\u00f4te est n\u00e9cessaire au fonctionnement du composant.<\/p>\n<\/td>\n<td style=\"width: 99.9833px; height: 149px; text-align: right;\">\n<h4><span style=\"color: #0000b0;\">20 \u20ac<\/span><\/h4>\n<\/td>\n<\/tr>\n<tr style=\"height: 27px;\">\n<td style=\"width: 518.017px; height: 27px;\">\n<h3><span style=\"color: #0000b0;\">Montage complet d&rsquo;une unit\u00e9 centrale<\/span><\/h3>\n<\/td>\n<td style=\"width: 99.9833px; height: 27px; text-align: right;\">\n<h4><span style=\"color: #0000b0;\">59 \u20ac<\/span><\/h4>\n<\/td>\n<\/tr>\n<tr style=\"height: 27px;\">\n<td style=\"width: 518.017px; height: 27px;\">\n<h3><span style=\"color: #0000b0;\">D\u00e9poussi\u00e9rage du syst\u00e8me de refroidissement (sans d\u00e9montage)<br \/>\n<\/span><\/h3>\n<\/td>\n<td style=\"width: 99.9833px; height: 27px; text-align: right;\">\n<h4><span style=\"color: #0000b0;\">20 \u20ac<\/span><\/h4>\n<\/td>\n<\/tr>\n<tr style=\"height: 27px;\">\n<td style=\"width: 518.017px; height: 27px;\">\n<h3><span style=\"color: #0000b0;\">R\u00e9paration ou remplacement\u00a0 du connecteur d&rsquo;alimentation interne d&rsquo;un ordinateur portable<\/span><\/h3>\n<p style=\"text-align: left;\">hors pi\u00e8ce<\/p>\n<\/td>\n<td style=\"width: 99.9833px; height: 27px; text-align: right;\">\n<h4><span style=\"color: #0000b0;\">100 \u20ac<\/span><\/h4>\n<\/td>\n<\/tr>\n<tr style=\"height: 27px;\">\n<td style=\"width: 518.017px; height: 27px;\">\n<h3><span style=\"color: #0000b0;\">Installation d&rsquo;un logiciel ou d&rsquo;un pilote<\/span><\/h3>\n<p style=\"text-align: left;\">hors progiciels m\u00e9tiers sp\u00e9cifiques et configuration de r\u00e9seaux<\/p>\n<\/td>\n<td style=\"width: 99.9833px; height: 27px; text-align: right;\">\n<h4><span style=\"color: #0000b0;\">20 \u20ac<\/span><\/h4>\n<\/td>\n<\/tr>\n<tr style=\"height: 27px;\">\n<td style=\"width: 518.017px; height: 27px;\">\n<h3><span style=\"color: #0000b0;\">Suppression d&rsquo;un mot de passe de Windows<\/span><\/h3>\n<p style=\"text-align: left;\">Tarification en fonction de la version du syst\u00e8me d&rsquo;exploitation et de la protection sp\u00e9cifique.<\/p>\n<\/td>\n<td style=\"width: 99.9833px; height: 27px; text-align: right;\">\n<h4><span style=\"color: #0000b0;\">De<\/span><\/h4>\n<h4><span style=\"color: #0000b0;\">39 \u00e0<\/span><\/h4>\n<h4><span style=\"color: #0000b0;\">59\u20ac<\/span><\/h4>\n<\/td>\n<\/tr>\n<tr style=\"height: 27px;\">\n<td style=\"width: 518.017px; height: 27px;\">\n<h3><span style=\"color: #0000b0;\">Installation \/ configuration d&rsquo;une messagerie<\/span><\/h3>\n<p>Hors prestations suite \u00e0 une panne, perte de configuration et recherche de solution&#8230;<\/td>\n<td style=\"width: 99.9833px; height: 27px; text-align: right;\">\n<h4><span style=\"color: #0000b0;\">39 \u20ac<\/span><\/h4>\n<\/td>\n<\/tr>\n<tr style=\"height: 27px;\">\n<td style=\"width: 518.017px; height: 27px;\">\n<h3><span style=\"color: #0000b0;\">Pr\u00e9paration d&rsquo;un ordinateur<\/span><\/h3>\n<p style=\"text-align: left;\">Dans le cadre de l&rsquo;achat d&rsquo;un ordinateur de constructeur neuf, fixe ou portable, ce forfait comprend la premi\u00e8re mise en service de l&rsquo;ordinateur, la personnalisation, les mises \u00e0 jour de Windows et l&rsquo;installation d&rsquo;un antivirus gratuit.<\/p>\n<\/td>\n<td style=\"width: 99.9833px; height: 27px; text-align: right;\">\n<h4><span style=\"color: #0000b0;\">39 \u20ac<\/span><\/h4>\n<\/td>\n<\/tr>\n<tr style=\"height: 27.9666px;\">\n<td style=\"width: 518.017px; height: 27.9666px; background-color: #fafa05;\" colspan=\"2\">\n<h3 style=\"text-align: center;\"><span style=\"color: #0000ff;\">Nous r\u00e9alisons d&rsquo;innombrables autres prestations et d\u00e9pannages. Nous consulter !<\/span><\/h3>\n<p style=\"text-align: center;\"><span style=\"color: #0000ff;\">Les r\u00e9parations sont garanties 3 mois<\/span><\/p>\n<p style=\"text-align: center;\"><span style=\"color: #0000ff;\">(hors erreurs logiciels, infections ou r\u00e9infections virales, hors casse)<\/span><\/p>\n<\/td>\n<\/tr>\n<\/tbody>\n<\/table>\n<h3><\/h3>\n<p><script><br \/>\n  (function(i,s,o,g,r,a,m){i['GoogleAnalyticsObject']=r;i[r]=i[r]||function(){<br \/>\n  (i[r].q=i[r].q||[]).push(arguments)},i[r].l=1*new Date();a=s.createElement(o),<br \/>\n  m=s.getElementsByTagName(o)[0];a.async=1;a.src=g;m.parentNode.insertBefore(a,m)<br \/>\n  })(window,document,'script','https:\/\/www.google-analytics.com\/analytics.js','ga');<\/p>\n<p>  ga('create', 'UA-87917705-1', 'auto');<br \/>\n  ga('send', 'pageview');<\/p>\n<p><\/script><\/p>\n","protected":false},"excerpt":{"rendered":"<p>Tarifs et forfaits Atelier Quelques exemples : Forfait de prise en charge d&rsquo;un mat\u00e9riel R\u00e9alisation du diagnostic \/ devis. A r\u00e9gler lors du d\u00e9p\u00f4t du mat\u00e9riel. Si le montant de la r\u00e9paration n&rsquo;exc\u00e8de pas 59 \u20ac la r\u00e9paration du mat\u00e9riel est r\u00e9alis\u00e9e d&rsquo;office. Le montant de la prise en charge est d\u00e9duit de la facture<\/p>\n","protected":false},"author":1,"featured_media":0,"parent":0,"menu_order":0,"comment_status":"closed","ping_status":"closed","template":"","meta":{"footnotes":""},"class_list":["post-2","page","type-page","status-publish","hentry"],"aioseo_notices":[],"_links":{"self":[{"href":"https:\/\/capmicro.com\/index.php\/wp-json\/wp\/v2\/pages\/2","targetHints":{"allow":["GET"]}}],"collection":[{"href":"https:\/\/capmicro.com\/index.php\/wp-json\/wp\/v2\/pages"}],"about":[{"href":"https:\/\/capmicro.com\/index.php\/wp-json\/wp\/v2\/types\/page"}],"author":[{"embeddable":true,"href":"https:\/\/capmicro.com\/index.php\/wp-json\/wp\/v2\/users\/1"}],"replies":[{"embeddable":true,"href":"https:\/\/capmicro.com\/index.php\/wp-json\/wp\/v2\/comments?post=2"}],"version-history":[{"count":94,"href":"https:\/\/capmicro.com\/index.php\/wp-json\/wp\/v2\/pages\/2\/revisions"}],"predecessor-version":[{"id":1491,"href":"https:\/\/capmicro.com\/index.php\/wp-json\/wp\/v2\/pages\/2\/revisions\/1491"}],"wp:attachment":[{"href":"https:\/\/capmicro.com\/index.php\/wp-json\/wp\/v2\/media?parent=2"}],"curies":[{"name":"wp","href":"https:\/\/api.w.org\/{rel}","templated":true}]}}