{"id":23,"date":"2016-03-10T02:21:06","date_gmt":"2016-03-10T01:21:06","guid":{"rendered":"http:\/\/capmicro.com\/wp\/?page_id=23"},"modified":"2022-11-03T01:23:15","modified_gmt":"2022-11-03T00:23:15","slug":"a-propos","status":"publish","type":"page","link":"https:\/\/capmicro.com\/index.php\/a-propos\/","title":{"rendered":"A propos"},"content":{"rendered":"<p style=\"text-align: justify;\"><img loading=\"lazy\" decoding=\"async\" class=\"alignleft wp-image-133 size-thumbnail\" src=\"http:\/\/capmicro.com\/wp\/wp-content\/uploads\/2016\/03\/logo21-03-150x150.png\" alt=\"logo21-03\" width=\"150\" height=\"150\" srcset=\"https:\/\/capmicro.com\/wp-content\/uploads\/2016\/03\/logo21-03-150x150.png 150w, https:\/\/capmicro.com\/wp-content\/uploads\/2016\/03\/logo21-03-300x300.png 300w, https:\/\/capmicro.com\/wp-content\/uploads\/2016\/03\/logo21-03-224x224.png 224w, https:\/\/capmicro.com\/wp-content\/uploads\/2016\/03\/logo21-03-50x50.png 50w, https:\/\/capmicro.com\/wp-content\/uploads\/2016\/03\/logo21-03-64x64.png 64w, https:\/\/capmicro.com\/wp-content\/uploads\/2016\/03\/logo21-03.png 600w\" sizes=\"auto, (max-width: 150px) 100vw, 150px\" \/><\/p>\n<h2 style=\"text-align: justify;\"><span style=\"color: #ff0000;\">Un peu d&rsquo;histoire,<\/span><\/h2>\n<h2><span style=\"color: #ff0000;\">de 1998 \u00e0 nos jours&#8230;<\/span><\/h2>\n<p>Depuis sa cr\u00e9ation en 1998 \u00e0 <span style=\"color: #333333;\">Marcq-en-Bar\u0153ul<\/span>, <strong> <span style=\"color: #0000b0;\">Cap Micro<\/span><\/strong> est une soci\u00e9t\u00e9 qui a eu pour volont\u00e9 de se sp\u00e9cialiser dans l&rsquo;assemblage d&rsquo;ordinateurs pour proposer des configurations parfaitement configurables et personnalisables. Ce que l&rsquo;on appelle le \u00ab\u00a0PC sur mesure\u00a0\u00bb.<\/p>\n<p style=\"text-align: justify;\">Gr\u00e2ce \u00e0 l&rsquo;utilisation de composants rigoureusement s\u00e9lectionn\u00e9s,<strong> <span style=\"color: #0000b0;\">Cap Micro<\/span><\/strong> a assembl\u00e9 des milliers d&rsquo;unit\u00e9s centrales fiables et robustes. De nombreux utilisateurs fid\u00e8les reviennent confier leur machine au fil des ann\u00e9es pour profiter des am\u00e9liorations et \u00e9volutions techniques ou renouveler leur achat.<\/p>\n<p style=\"text-align: justify;\">Une exp\u00e9rience de plus de 24 ans, une long\u00e9vit\u00e9 rare qui t\u00e9moigne de la satisfaction et de la fid\u00e9lit\u00e9 de sa client\u00e8le, particuliers et professionnels qui affichent leur confiance. L&rsquo;effet \u00ab\u00a0Bouche \u00e0 Oreille\u00a0\u00bb est notre meilleure publicit\u00e9. Aujourd&rsquo;hui <strong><span style=\"color: #0000b0;\">Cap Micro<\/span><\/strong> est sans doute la plus ancienne soci\u00e9t\u00e9 sp\u00e9cialis\u00e9e dans son domaine dans la r\u00e9gion.<\/p>\n<h3><span style=\"color: #ff0000;\">Vente de PC fixes et portables de constructeurs, tablettes, portables hybrides, p\u00e9riph\u00e9riques, accessoires et consommables :<\/span><\/h3>\n<h3 style=\"text-align: justify;\"><\/h3>\n<h3 style=\"text-align: justify;\"><span style=\"color: #0000b0;\">PC fixes et portables de constructeurs :<\/span><\/h3>\n<p style=\"text-align: justify;\"><strong><span style=\"color: #0000b0;\">Cap Micro<\/span><\/strong> propose \u00e9galement des ordinateurs fixes ou portables de constructeurs, nous proposons des marques fiables. M\u00eame si nous n&rsquo;intervenons pas dans l&rsquo;assemblage de telles machines, nous s\u00e9lectionnons rigoureusement les mod\u00e8les et services associ\u00e9s.<\/p>\n<p style=\"text-align: justify;\"><em>\u00a0<\/em><\/p>\n<p style=\"text-align: justify;\">Vous nous expliquez vos attentes et besoins, nous prenons le temps d&rsquo;\u00e9tudier les offres des constructeurs pour vous proposer la mat\u00e9riel ad\u00e9quat. Si vous ne souhaitez pas vous d\u00e9placer en magasin, vous pouvez nous transmettre votre demande gr\u00e2ce au formulaire de contact ou par courrier \u00e9lectronique.<\/p>\n<h3 style=\"text-align: justify;\"><span style=\"color: #0000b0;\">Pi\u00e8ces d\u00e9tach\u00e9es, \u00e9l\u00e9ments d&rsquo;assemblage :<\/span><\/h3>\n<p style=\"text-align: justify;\">Nous proposons des pi\u00e8ces d\u00e9tach\u00e9es, cartes m\u00e8res, processeurs, disques durs, cartes graphiques, m\u00e9moires.<\/p>\n<h3 style=\"text-align: justify;\"><span style=\"color: #0000b0;\">P\u00e9riph\u00e9riques :<\/span><\/h3>\n<p style=\"text-align: justify;\">Imprimantes, scanners, disques durs externes, solutions de sauvegardes, lecteurs, \u00e9crans&#8230;<\/p>\n<h3 style=\"text-align: justify;\"><span style=\"color: #0000b0;\">Consommables :<\/span><\/h3>\n<p style=\"text-align: justify;\">Cartouches d&rsquo;encres originales \u00e0 la marque, Toner\u00a0laser \u00e0 la marque. Nos prix sont attractifs par rapport aux acteurs de la grande distribution de la r\u00e9gion. Sur commande et dans des d\u00e9lais rapides, nous\u00a0 pourrons vous fournir la plupart des r\u00e9f\u00e9rences.<\/p>\n<h3><span style=\"color: #0000b0;\">R\u00e9seaux :<\/span><\/h3>\n<p style=\"text-align: justify;\">Partageurs, routeurs, cartes filaires et Wifi, r\u00e9p\u00e9titeurs de signal, courant porteur.<\/p>\n<h3><span style=\"color: #0000b0;\">C\u00e2bles, accessoires :<\/span><\/h3>\n<p style=\"text-align: justify;\">C\u00e2bles r\u00e9seaux, c\u00e2bles VGA, HDMI, DVI, adaptateurs..<\/p>\n<h3><span style=\"color: #ff0000;\">D\u00e9pannage et maintenance en atelier &#8211; D\u00e9pannage \u00e0 domicile (sur site) &#8211; Prise en main \u00e0 distance :<\/span><strong><br \/>\n<\/strong><\/h3>\n<h3 style=\"text-align: justify;\"><span style=\"color: #0000b0;\">D\u00e9pannage en atelier :<\/span><\/h3>\n<p style=\"text-align: justify;\">Si votre PC (fixe ou portable) est panne,\u00a0 vous pouvez venir nous le d\u00e9poser sans rendez-vous pr\u00e9alable. La prise en charge d&rsquo;un mat\u00e9riel est factur\u00e9e 29 \u20ac TTC. Nous avons de nombreux forfaits pour la majorit\u00e9 des pannes courantes. Nous \u00e9tablissons aussi des devis pour les cas particuliers.<\/p>\n<p style=\"text-align: justify;\">Nettoyage du syst\u00e8me &#8211; Suppression de virus &#8211; R\u00e9installation du syst\u00e8me d&rsquo;exploitation &#8211; Remplacement de composants (alimentation, carte graphique, disque dur&#8230;). R\u00e9paration des portables (remplacement de l&rsquo;\u00e9cran, du clavier, r\u00e9paration ou remplacement du connecteur d&rsquo;alimentation etc&#8230; ).<\/p>\n<p style=\"text-align: justify;\">Nous proposons aussi des maintenances pr\u00e9ventives (v\u00e9rification de la s\u00e9curit\u00e9 de l&rsquo;ordinateur, mises \u00e0 jour, d\u00e9poussi\u00e9rage).<\/p>\n<p style=\"text-align: justify;\">L&rsquo;installation des pilotes, l&rsquo;installation de p\u00e9riph\u00e9riques comme une imprimante etc..<\/p>\n<p style=\"text-align: justify;\">Un service de r\u00e9cup\u00e9ration de donn\u00e9es perdues (disques durs ou clef USB, cartes m\u00e9moires d&rsquo;appareils photos num\u00e9riques).<\/p>\n<h3 style=\"text-align: justify;\"><span style=\"color: #0000b0;\">Prise en main \u00e0 distance :<\/span><\/h3>\n<p style=\"text-align: justify;\">Sur rendez-vous, gr\u00e2ce \u00e0 un logiciel que nous vous inviterons \u00e0 t\u00e9l\u00e9charger, nous pouvons prendre la main sur votre ordinateur pour r\u00e9aliser certains d\u00e9pannages ou configurations. Il faut que la connexion \u00e0 Internet soit parfaitement op\u00e9rationnelle.<\/p>\n<h3 style=\"text-align: justify;\"><span style=\"color: #0000b0;\">Intervention \u00e0 domicile \/ sur site :<\/span><\/h3>\n<p style=\"text-align: justify;\">Nous pouvons nous d\u00e9placer dans un rayon raisonnable pour r\u00e9aliser un d\u00e9pannage. Si l&rsquo;intervention n&rsquo;est pas r\u00e9alisable sur site, nous pouvons emmener votre mat\u00e9riel en atelier et \u00e9ventuellement venir chez vous le r\u00e9installer \u00e0 l&rsquo;issue du d\u00e9pannage.<\/p>\n<p style=\"text-align: justify;\">Nous vous invitons \u00e0 vous reporter sur nos diff\u00e9rentes rubriques pour d\u00e9couvrir dans le d\u00e9tail nos diff\u00e9rentes activit\u00e9s et prestations.<\/p>\n<p>Bonne visite&#8230;<\/p>\n<p><script><br \/>\n  (function(i,s,o,g,r,a,m){i['GoogleAnalyticsObject']=r;i[r]=i[r]||function(){<br \/>\n  (i[r].q=i[r].q||[]).push(arguments)},i[r].l=1*new Date();a=s.createElement(o),<br \/>\n  m=s.getElementsByTagName(o)[0];a.async=1;a.src=g;m.parentNode.insertBefore(a,m)<br \/>\n  })(window,document,'script','https:\/\/www.google-analytics.com\/analytics.js','ga');<\/p>\n<p>  ga('create', 'UA-87917705-1', 'auto');<br \/>\n  ga('send', 'pageview');<\/p>\n<p><\/script><\/p>\n","protected":false},"excerpt":{"rendered":"<p>Un peu d&rsquo;histoire, de 1998 \u00e0 nos jours&#8230; Depuis sa cr\u00e9ation en 1998 \u00e0 Marcq-en-Bar\u0153ul, Cap Micro est une soci\u00e9t\u00e9 qui a eu pour volont\u00e9 de se sp\u00e9cialiser dans l&rsquo;assemblage d&rsquo;ordinateurs pour proposer des configurations parfaitement configurables et personnalisables. Ce que l&rsquo;on appelle le \u00ab\u00a0PC sur mesure\u00a0\u00bb. Gr\u00e2ce \u00e0 l&rsquo;utilisation de composants rigoureusement s\u00e9lectionn\u00e9s, Cap<\/p>\n","protected":false},"author":1,"featured_media":0,"parent":0,"menu_order":0,"comment_status":"closed","ping_status":"closed","template":"","meta":{"footnotes":""},"class_list":["post-23","page","type-page","status-publish","hentry"],"aioseo_notices":[],"_links":{"self":[{"href":"https:\/\/capmicro.com\/index.php\/wp-json\/wp\/v2\/pages\/23","targetHints":{"allow":["GET"]}}],"collection":[{"href":"https:\/\/capmicro.com\/index.php\/wp-json\/wp\/v2\/pages"}],"about":[{"href":"https:\/\/capmicro.com\/index.php\/wp-json\/wp\/v2\/types\/page"}],"author":[{"embeddable":true,"href":"https:\/\/capmicro.com\/index.php\/wp-json\/wp\/v2\/users\/1"}],"replies":[{"embeddable":true,"href":"https:\/\/capmicro.com\/index.php\/wp-json\/wp\/v2\/comments?post=23"}],"version-history":[{"count":84,"href":"https:\/\/capmicro.com\/index.php\/wp-json\/wp\/v2\/pages\/23\/revisions"}],"predecessor-version":[{"id":1489,"href":"https:\/\/capmicro.com\/index.php\/wp-json\/wp\/v2\/pages\/23\/revisions\/1489"}],"wp:attachment":[{"href":"https:\/\/capmicro.com\/index.php\/wp-json\/wp\/v2\/media?parent=23"}],"curies":[{"name":"wp","href":"https:\/\/api.w.org\/{rel}","templated":true}]}}