{"id":26,"date":"2016-03-10T02:25:15","date_gmt":"2016-03-10T01:25:15","guid":{"rendered":"http:\/\/capmicro.com\/wp\/?page_id=26"},"modified":"2022-11-03T01:44:51","modified_gmt":"2022-11-03T00:44:51","slug":"reparation-smartphones-tablettes","status":"publish","type":"page","link":"https:\/\/capmicro.com\/index.php\/reparation-smartphones-tablettes\/","title":{"rendered":"R\u00e9paration Smartphones"},"content":{"rendered":"<h2><span style=\"color: #0000b0;\"><img loading=\"lazy\" decoding=\"async\" class=\"size-thumbnail wp-image-133 alignleft\" src=\"http:\/\/capmicro.com\/wp\/wp-content\/uploads\/2016\/03\/logo21-03-150x150.png\" alt=\"Logo\" width=\"150\" height=\"150\" srcset=\"https:\/\/capmicro.com\/wp-content\/uploads\/2016\/03\/logo21-03-150x150.png 150w, https:\/\/capmicro.com\/wp-content\/uploads\/2016\/03\/logo21-03-300x300.png 300w, https:\/\/capmicro.com\/wp-content\/uploads\/2016\/03\/logo21-03-224x224.png 224w, https:\/\/capmicro.com\/wp-content\/uploads\/2016\/03\/logo21-03-50x50.png 50w, https:\/\/capmicro.com\/wp-content\/uploads\/2016\/03\/logo21-03-64x64.png 64w, https:\/\/capmicro.com\/wp-content\/uploads\/2016\/03\/logo21-03.png 600w\" sizes=\"auto, (max-width: 150px) 100vw, 150px\" \/><span style=\"color: #ff0000;\"><strong>R\u00e9paration de Smartphones<\/strong><br \/>\n<\/span><\/span><\/h2>\n<h2><span style=\"color: #ff0000;\">\u00a0<\/span><\/h2>\n<p>.<\/p>\n<p>.<\/p>\n<p>.<\/p>\n<p><span style=\"color: #0000b0;\"><strong>Cap Micro<\/strong><\/span> a mis fin \u00e0 ce type de prestations.<\/p>\n<p>Nous vous recommandons de vous rapprocher des diff\u00e9rentes soci\u00e9t\u00e9s sp\u00e9cialis\u00e9es dans ce type de r\u00e9paration.<\/p>\n<p><script><br \/>\n  (function(i,s,o,g,r,a,m){i['GoogleAnalyticsObject']=r;i[r]=i[r]||function(){<br \/>\n  (i[r].q=i[r].q||[]).push(arguments)},i[r].l=1*new Date();a=s.createElement(o),<br \/>\n  m=s.getElementsByTagName(o)[0];a.async=1;a.src=g;m.parentNode.insertBefore(a,m)<br \/>\n  })(window,document,'script','https:\/\/www.google-analytics.com\/analytics.js','ga');<\/p>\n<p>  ga('create', 'UA-87917705-1', 'auto');<br \/>\n  ga('send', 'pageview');<\/p>\n<p><\/script><\/p>\n","protected":false},"excerpt":{"rendered":"<p>R\u00e9paration de Smartphones \u00a0 . . . Cap Micro a mis fin \u00e0 ce type de prestations. Nous vous recommandons de vous rapprocher des diff\u00e9rentes soci\u00e9t\u00e9s sp\u00e9cialis\u00e9es dans ce type de r\u00e9paration.<\/p>\n","protected":false},"author":1,"featured_media":0,"parent":0,"menu_order":0,"comment_status":"closed","ping_status":"closed","template":"","meta":{"footnotes":""},"class_list":["post-26","page","type-page","status-publish","hentry"],"aioseo_notices":[],"_links":{"self":[{"href":"https:\/\/capmicro.com\/index.php\/wp-json\/wp\/v2\/pages\/26","targetHints":{"allow":["GET"]}}],"collection":[{"href":"https:\/\/capmicro.com\/index.php\/wp-json\/wp\/v2\/pages"}],"about":[{"href":"https:\/\/capmicro.com\/index.php\/wp-json\/wp\/v2\/types\/page"}],"author":[{"embeddable":true,"href":"https:\/\/capmicro.com\/index.php\/wp-json\/wp\/v2\/users\/1"}],"replies":[{"embeddable":true,"href":"https:\/\/capmicro.com\/index.php\/wp-json\/wp\/v2\/comments?post=26"}],"version-history":[{"count":22,"href":"https:\/\/capmicro.com\/index.php\/wp-json\/wp\/v2\/pages\/26\/revisions"}],"predecessor-version":[{"id":1495,"href":"https:\/\/capmicro.com\/index.php\/wp-json\/wp\/v2\/pages\/26\/revisions\/1495"}],"wp:attachment":[{"href":"https:\/\/capmicro.com\/index.php\/wp-json\/wp\/v2\/media?parent=26"}],"curies":[{"name":"wp","href":"https:\/\/api.w.org\/{rel}","templated":true}]}}