{"id":32,"date":"2016-03-10T02:36:58","date_gmt":"2016-03-10T01:36:58","guid":{"rendered":"http:\/\/capmicro.com\/wp\/?page_id=32"},"modified":"2016-11-23T01:30:22","modified_gmt":"2016-11-23T00:30:22","slug":"vente-de-materiel","status":"publish","type":"page","link":"https:\/\/capmicro.com\/index.php\/vente-de-materiel\/","title":{"rendered":"Vente en magasin"},"content":{"rendered":"<h2 style=\"text-align: left;\"><img loading=\"lazy\" decoding=\"async\" class=\"alignleft wp-image-133 size-thumbnail\" src=\"http:\/\/capmicro.com\/wp\/wp-content\/uploads\/2016\/03\/logo21-03-150x150.png\" alt=\"Logo Cap Micro\" width=\"150\" height=\"150\" srcset=\"https:\/\/capmicro.com\/wp-content\/uploads\/2016\/03\/logo21-03-150x150.png 150w, https:\/\/capmicro.com\/wp-content\/uploads\/2016\/03\/logo21-03-300x300.png 300w, https:\/\/capmicro.com\/wp-content\/uploads\/2016\/03\/logo21-03-224x224.png 224w, https:\/\/capmicro.com\/wp-content\/uploads\/2016\/03\/logo21-03-50x50.png 50w, https:\/\/capmicro.com\/wp-content\/uploads\/2016\/03\/logo21-03-64x64.png 64w, https:\/\/capmicro.com\/wp-content\/uploads\/2016\/03\/logo21-03.png 600w\" sizes=\"auto, (max-width: 150px) 100vw, 150px\" \/><span style=\"color: #0000b0;\"><span style=\"color: #ff0000;\">Vente en magasin :<\/span><br \/>\n<\/span><\/h2>\n<p>&nbsp;<\/p>\n<p>&nbsp;<\/p>\n<p>&nbsp;<\/p>\n<p>&nbsp;<\/p>\n<p>&nbsp;<\/p>\n<header class=\"ico\"><\/header>\n<header class=\"ico\"><\/header>\n<header class=\"ico\"><\/header>\n<header class=\"ico\"><\/header>\n<header class=\"ico\"><\/header>\n<header class=\"ico\"><\/header>\n<header class=\"ico\"><\/header>\n<header class=\"ico\"><\/header>\n<header class=\"ico\"><\/header>\n<header class=\"ico\"><\/header>\n<header class=\"ico\"><\/header>\n<header class=\"ico\"><\/header>\n<header class=\"ico\"><\/header>\n<header class=\"ico\"><\/header>\n<header class=\"ico\"><\/header>\n<header class=\"ico\"><\/header>\n<header class=\"ico\"><\/header>\n<header class=\"ico\"><\/header>\n<header class=\"ico\"><\/header>\n<header class=\"ico\"><\/header>\n<header class=\"ico\"><\/header>\n<header class=\"ico\"><\/header>\n<header class=\"ico\"><\/header>\n<header class=\"ico\"><\/header>\n<header class=\"ico\"><\/header>\n<header class=\"ico\"><\/header>\n<header class=\"ico\"><\/header>\n<header class=\"ico\"><\/header>\n<header class=\"ico\"><\/header>\n<header class=\"ico\"><\/header>\n<header class=\"ico\"><\/header>\n<header class=\"ico\"><\/header>\n<header class=\"ico\"><\/header>\n<header class=\"ico\"><\/header>\n<header class=\"ico\"><\/header>\n<header class=\"ico\"><\/header>\n<header class=\"ico\"><\/header>\n<header class=\"ico\"><\/header>\n<header class=\"ico\"><\/header>\n<header class=\"ico\"><\/header>\n<header class=\"ico\"><\/header>\n<header class=\"ico\"><\/header>\n<h3 class=\"ico\"><span style=\"color: #0000b0;\">Vente de PC fixe \u00ab\u00a0Sur Mesure\u00a0\u00bb :<\/span><\/h3>\n<header class=\"ico\">Nous assemblons en atelier l&rsquo;ordinateur fixe qui correspond exactement \u00e0 vos besoins. Vous choisissez les composants ou nous vous conseillons pour obtenir LA machine qui correspond \u00e0 votre usage sp\u00e9cifique (bureautique, multim\u00e9dia, PC Gamer). Nous ne proposons que des composants r\u00e9put\u00e9s pour leur fiabilit\u00e9. <span style=\"color: #000000;\"><br \/>\n<\/span><\/header>\n<header class=\"ico\"><\/header>\n<article><\/article>\n<article><\/article>\n<article><\/article>\n<article><\/article>\n<article><\/article>\n<article><\/article>\n<article>\n<h3 style=\"text-align: justify;\"><span style=\"color: #000000;\">\u00a0<\/span><\/h3>\n<h3 style=\"text-align: justify;\"><span style=\"color: #0000b0;\">Vente de PC fixes et portables de constructeurs :<\/span><\/h3>\n<p style=\"text-align: justify;\"><strong><span style=\"color: #0000b0;\">Cap Micro<\/span><\/strong> propose \u00e9galement des ordinateurs fixes ou portables de constructeurs, nous proposons des marques fiables. M\u00eame si nous n&rsquo;intervenons pas dans l&rsquo;assemblage des telles machines, nous s\u00e9lectionnons rigoureusement les mod\u00e8les et services associ\u00e9s.<\/p>\n<p style=\"text-align: justify;\">Vous nous expliquez vos attentes et besoins, nous prenons le temps d&rsquo;\u00e9tudier les offres des constructeurs pour vous proposer la mat\u00e9riel ad\u00e9quat. Si vous ne souhaitez pas vous d\u00e9placer en magasin, vous pouvez nous transmettre votre demande gr\u00e2ce au formulaire de contact ou par courrier \u00e9lectronique.<\/p>\n<h3 style=\"text-align: justify;\"><\/h3>\n<h3 style=\"text-align: justify;\"><span style=\"color: #0000b0;\">Pi\u00e8ces d\u00e9tach\u00e9es, \u00e9l\u00e9ments d&rsquo;assemblage :<\/span><\/h3>\n<p style=\"text-align: justify;\">Nous proposons des pi\u00e8ces d\u00e9tach\u00e9es, cartes m\u00e8res, processeurs, disques durs, cartes graphiques, m\u00e9moires.<\/p>\n<h3 style=\"text-align: justify;\"><\/h3>\n<h3 style=\"text-align: justify;\"><span style=\"color: #0000b0;\">P\u00e9riph\u00e9riques :<\/span><\/h3>\n<p style=\"text-align: justify;\">Imprimantes, scanners, disques durs externes, solutions de sauvegardes, lecteurs, \u00e9crans&#8230;<\/p>\n<h3 style=\"text-align: justify;\"><\/h3>\n<h3 style=\"text-align: justify;\"><span style=\"color: #0000b0;\">Consommables :<\/span><\/h3>\n<p style=\"text-align: justify;\">Cartouches d&rsquo;encres originales \u00e0 la marque (produits les plus courant en magasin), Toner\u00a0 laser \u00e0 la marque. Nos prix sont attractifs par rapport aux acteurs de la grande distribution de la r\u00e9gion. Sur commande et dans des d\u00e9lais rapides, nous\u00a0 pourrons vous fournir la plupart des r\u00e9f\u00e9rences.<\/p>\n<h3><\/h3>\n<h3><span style=\"color: #0000b0;\">R\u00e9seaux :<\/span><\/h3>\n<p style=\"text-align: justify;\">Partageurs, routeurs, cartes filaires et Wifi, r\u00e9p\u00e9titeurs de signal, courant porteur.<\/p>\n<h3><\/h3>\n<h3><span style=\"color: #0000b0;\">C\u00e2bles, accessoires :<\/span><\/h3>\n<p style=\"text-align: justify;\">C\u00e2bles r\u00e9seaux, c\u00e2bles VGA, HDMI, DVI, adaptateurs..<\/p>\n<h3><\/h3>\n<h3><span style=\"color: #0000b0;\">Services +<\/span><\/h3>\n<p><span style=\"color: #333333;\">Conseils personnalis\u00e9s<\/span><\/p>\n<p><span style=\"color: #333333;\">Devis gratuits<\/span><\/p>\n<\/article>\n<article>\n<header class=\"ico\">\n<h3><\/h3>\n<h3><span style=\"color: #0000b0;\">Marques :<br \/>\n<\/span><\/h3>\n<p>Nous distribuons les produits des plus grandes marques dont :<\/p>\n<ul style=\"list-style-type: circle;\">\n<li>Acer<\/li>\n<li>AMD<\/li>\n<li>Antec<\/li>\n<li>APC<\/li>\n<li>Asustek Computer<\/li>\n<li>Be Quiet<\/li>\n<li>Belkin<\/li>\n<li>Benq<\/li>\n<li>Brother<\/li>\n<li>Canon<\/li>\n<li>Cooler Master<\/li>\n<li>Crucial<\/li>\n<li>Dlh Energy<\/li>\n<li>D-Link<\/li>\n<li>DrWeb<\/li>\n<li>Fujitsu<\/li>\n<li>Hewlett Packard<\/li>\n<li>IIYama<\/li>\n<li>Intel<\/li>\n<li>Kingston<\/li>\n<li>Lenovo<\/li>\n<li>LG Electronics<\/li>\n<li>Logitech<\/li>\n<li>MCL Samar<\/li>\n<li>Micron Technology<\/li>\n<li>Microsoft<\/li>\n<li>Netgear<\/li>\n<li>Nvidia<\/li>\n<li>OCZ<\/li>\n<li>Packard Bell<\/li>\n<li>Philips<\/li>\n<li>Samsung<\/li>\n<li>\u00a0Seagate<\/li>\n<li>Sony<\/li>\n<li>Startech<\/li>\n<li>Synology<\/li>\n<li>Toshiba<\/li>\n<li>TP-Link<\/li>\n<li>Trendnet<\/li>\n<li>V7<\/li>\n<li>Viewsonic<\/li>\n<li>Western Digital<\/li>\n<\/ul>\n<p>Cette liste n&rsquo;est pas exhaustive&#8230;<\/p>\n<h1><\/h1>\n<h3><span style=\"color: #0000b0;\">Moyens de paiement :<br \/>\n<\/span><\/h3>\n<\/header>\n<\/article>\n<article>\n<ul style=\"list-style-type: circle;\">\n<li><span style=\"color: #333333;\">Cartes bancaires (Visa, Eurocard, Mastercard&#8230;)<\/span><\/li>\n<li><span style=\"color: #333333;\">Ch\u00e8que bancaire (avec justificatif d&rsquo;identit\u00e9)<\/span><\/li>\n<li><span style=\"color: #333333;\">Esp\u00e8ces<\/span><\/li>\n<li><span style=\"color: #333333;\">Virement bancaire<\/span><\/li>\n<\/ul>\n<h3><span style=\"color: #333333;\">\u00a0<\/span><\/h3>\n<h3><span style=\"color: #0000b0;\">Conditions de paiement :<br \/>\n<\/span><\/h3>\n<p><span style=\"color: #333333;\">Les produits sont r\u00e9glables <strong>au comptant \u00e0 la livraison, <\/strong>aussi bien pour les particuliers que pour les professionnels.<\/span><\/p>\n<p><span style=\"color: #333333;\">Un acompte peut-\u00eatre \u00e0 la commande.<\/span><\/p>\n<p><span style=\"color: #333333;\">Un r\u00e8glement int\u00e9gral peut \u00eatre demand\u00e9 \u00e0 la commande si un produit est tr\u00e8s sp\u00e9cifique (toutes r\u00e9f\u00e9rences de pi\u00e8ces d\u00e9tach\u00e9es, tous les articles rarement vendus&#8230;).<\/span><\/p>\n<\/article>\n<p><script>\n  (function(i,s,o,g,r,a,m){i['GoogleAnalyticsObject']=r;i[r]=i[r]||function(){\n  (i[r].q=i[r].q||[]).push(arguments)},i[r].l=1*new Date();a=s.createElement(o),\n  m=s.getElementsByTagName(o)[0];a.async=1;a.src=g;m.parentNode.insertBefore(a,m)\n  })(window,document,'script','https:\/\/www.google-analytics.com\/analytics.js','ga');<\/p>\n<p>  ga('create', 'UA-87917705-1', 'auto');\n  ga('send', 'pageview');<\/p>\n<p><\/script><\/p>\n","protected":false},"excerpt":{"rendered":"<p>Vente en magasin : &nbsp; &nbsp; &nbsp; &nbsp; &nbsp; Vente de PC fixe \u00ab\u00a0Sur Mesure\u00a0\u00bb : Nous assemblons en atelier l&rsquo;ordinateur fixe qui correspond exactement \u00e0 vos besoins. Vous choisissez les composants ou nous vous conseillons pour obtenir LA machine qui correspond \u00e0 votre usage sp\u00e9cifique (bureautique, multim\u00e9dia, PC Gamer). Nous ne proposons que des<\/p>\n","protected":false},"author":1,"featured_media":0,"parent":0,"menu_order":0,"comment_status":"closed","ping_status":"closed","template":"","meta":{"footnotes":""},"class_list":["post-32","page","type-page","status-publish","hentry"],"aioseo_notices":[],"_links":{"self":[{"href":"https:\/\/capmicro.com\/index.php\/wp-json\/wp\/v2\/pages\/32","targetHints":{"allow":["GET"]}}],"collection":[{"href":"https:\/\/capmicro.com\/index.php\/wp-json\/wp\/v2\/pages"}],"about":[{"href":"https:\/\/capmicro.com\/index.php\/wp-json\/wp\/v2\/types\/page"}],"author":[{"embeddable":true,"href":"https:\/\/capmicro.com\/index.php\/wp-json\/wp\/v2\/users\/1"}],"replies":[{"embeddable":true,"href":"https:\/\/capmicro.com\/index.php\/wp-json\/wp\/v2\/comments?post=32"}],"version-history":[{"count":58,"href":"https:\/\/capmicro.com\/index.php\/wp-json\/wp\/v2\/pages\/32\/revisions"}],"predecessor-version":[{"id":523,"href":"https:\/\/capmicro.com\/index.php\/wp-json\/wp\/v2\/pages\/32\/revisions\/523"}],"wp:attachment":[{"href":"https:\/\/capmicro.com\/index.php\/wp-json\/wp\/v2\/media?parent=32"}],"curies":[{"name":"wp","href":"https:\/\/api.w.org\/{rel}","templated":true}]}}