{"id":41,"date":"2016-03-10T03:03:09","date_gmt":"2016-03-10T02:03:09","guid":{"rendered":"http:\/\/capmicro.com\/wp\/?page_id=41"},"modified":"2021-06-23T21:50:55","modified_gmt":"2021-06-23T20:50:55","slug":"telemaintenance","status":"publish","type":"page","link":"https:\/\/capmicro.com\/index.php\/telemaintenance\/","title":{"rendered":"Prise en main \u00e0 distance"},"content":{"rendered":"<h2><span style=\"color: #0000b0;\"><span style=\"color: #ff0000;\">Prise en main \u00e0 distance :<\/span><img loading=\"lazy\" decoding=\"async\" class=\"size-thumbnail wp-image-133 alignleft\" src=\"http:\/\/capmicro.com\/wp\/wp-content\/uploads\/2016\/03\/logo21-03-150x150.png\" alt=\"Logo\" width=\"150\" height=\"150\" srcset=\"https:\/\/capmicro.com\/wp-content\/uploads\/2016\/03\/logo21-03-150x150.png 150w, https:\/\/capmicro.com\/wp-content\/uploads\/2016\/03\/logo21-03-300x300.png 300w, https:\/\/capmicro.com\/wp-content\/uploads\/2016\/03\/logo21-03-224x224.png 224w, https:\/\/capmicro.com\/wp-content\/uploads\/2016\/03\/logo21-03-50x50.png 50w, https:\/\/capmicro.com\/wp-content\/uploads\/2016\/03\/logo21-03-64x64.png 64w, https:\/\/capmicro.com\/wp-content\/uploads\/2016\/03\/logo21-03.png 600w\" sizes=\"auto, (max-width: 150px) 100vw, 150px\" \/><\/span><\/h2>\n<h2><span style=\"color: #ff0000;\">39 \u20ac TTC \/ heure<\/span><\/h2>\n<p>Gr\u00e2ce au module de prise en main \u00e0 distance t\u00e9l\u00e9chargeable ci-dessous, nous pouvons intervenir sur votre ordinateur sous Windows afin de r\u00e9aliser des d\u00e9pannages courants, l&rsquo;installation de mises \u00e0 jour, de pilotes, etc..<\/p>\n<ol>\n<li>&#8211; Assurez-vous que votre ordinateur dispose d&rsquo;un <strong>acc\u00e8s \u00e0 Internet parfaitement fonctionnel<\/strong>.<\/li>\n<li style=\"text-align: left;\">&#8211; Il faut t\u00e9l\u00e9charger le module AssistanceCapMicro.exe\u00a0 en cliquant sur ce lien bleu ci dessous :<\/li>\n<li style=\"text-align: left;\">\n<h2 style=\"text-align: center;\"><span style=\"color: #0000ff;\"><strong><a style=\"color: #0000ff;\" href=\"https:\/\/get.teamviewer.com\/6iur2kx\">AssistanceCapMicro.exe<\/a><\/strong><\/span><\/h2>\n<h5 style=\"text-align: center;\"><strong>(si vous \u00eates en mesure de localiser le module qui vient d&rsquo;\u00eatre t\u00e9l\u00e9charg\u00e9 et de l&rsquo;ex\u00e9cuter, passez directement \u00e0 l&rsquo;\u00e9tape 10)<\/strong><\/h5>\n<\/li>\n<li>&#8211; Si vous utilisez le navigateur \u00ab\u00a0Chrome\u00a0\u00bb, le module sera visible en bas \u00e0 gauche de la m\u00eame page.<\/li>\n<li>&#8211; Si vous utilisez le navigateur \u00ab\u00a0Firefox\u00a0\u00bb, il faut cliquer sur (Ctrl + J) pour voir la progression du t\u00e9l\u00e9chargement, localiser le module et l&rsquo;ex\u00e9cuter.<\/li>\n<li>&#8211; Si vous utilisez le navigateur \u00ab\u00a0Opera\u00a0\u00bb, la destination du module s&rsquo;ouvrira et \u00e0 la fin du t\u00e9l\u00e9chargement, vous pourrez le voir et l&rsquo;ex\u00e9cuter depuis ce m\u00eame dossier (g\u00e9n\u00e9ralement \u00ab\u00a0T\u00e9l\u00e9chargements\u00a0\u00bb).<\/li>\n<li>&#8211; Si vous utilisez le navigateur \u00ab\u00a0Internet Explorer\u00a0\u00bb, vous pourrez enregistrer le module ou l&rsquo;ex\u00e9cuter directement.<\/li>\n<li>&#8211; Enfin sur \u00ab\u00a0Microsoft Edge\u00a0\u00bb, vous pouvez l&rsquo;enregistrer directement ou choisir l&#8217;emplacement de votre choix gr\u00e2ce \u00e0 la fonction \u00ab\u00a0Enregister Sous\u00a0\u00bb.<\/li>\n<li>&#8211; Quelque soit le navigateur, le module \u00ab\u00a0AssistanceCapMicro.exe\u00a0\u00bb doit maintenant se trouver dans le dossier \u00ab\u00a0T\u00e9l\u00e9chargements\u00a0\u00bb.<\/li>\n<li>&#8211; Il faut ex\u00e9cuter le module et accepter les confirmations et autorisations. Un tableau s&rsquo;ouvre et vous disposez maintenant d&rsquo;un identifiant <strong>\u00ab\u00a0Votre ID\u00a0\u00bb<\/strong> et d&rsquo;un \u00ab\u00a0<strong>Mot de Passe\u00a0\u00bb<\/strong>. Si cela est un succ\u00e8s, la prise en main \u00e0 distance semble \u00eatre r\u00e9alisable.<\/li>\n<li>&#8211; Prendre contact avec nos services au 03.20.98.13.35 ou par l&rsquo;interm\u00e9diaire du <a href=\"http:\/\/capmicro.com\/index.php\/nous-contacter\/\" target=\"_blank\" rel=\"noopener\">Formulaire de Contact.<\/a><\/li>\n<li>&#8211; Nous prendrons rendez-vous au plus vite. Votre pr\u00e9sence est indispensable pour nous donner les acc\u00e8s.<\/li>\n<li>&#8211; Proc\u00e9der au r\u00e8glement par carte bancaire ou Paypal gr\u00e2ce au module ci-dessous.<\/li>\n<\/ol>\n<div class='wpecpp-container wpecpp-align-center'><form class='wpecpp-form' target='_blank' id=r7496f0d7d1af334d232e212cedec3dc9 action='https:\/\/www.paypal.com\/cgi-bin\/webscr' method='post'><input type='hidden' name='cmd' value='_xclick' \/><input type='hidden' name='business' value='7MH5JB3DVJLSN' \/><input type='hidden' name='currency_code' value='EUR' \/><input type='hidden' name='lc' value='fr_CA'><input type='hidden' name='no_note' value=''><input type='hidden' name='paymentaction' value='sale'><input type='hidden' name='return' value='http:http:\/\/capmicro.com\/index.php\/telemaintenance\/' \/><input type='hidden' name='bn' value='WPPlugin_SP'><input type='hidden' name='cancel_return' value='http:\/\/www.capmicro.com' \/><input style='border: none;' class='paypalbuttonimage' type='image' src='https:\/\/www.paypalobjects.com\/fr_CA\/i\/btn\/btn_buynowCC_LG.gif' border='0' name='submit' alt='Make your payments with PayPal. It is free, secure, effective.' \/><img alt='' border='0' style='border:none;display:none;' src='https:\/\/www.paypal.com\/fr_CA\/i\/scr\/pixel.gif' width='1' height='1' \/><input type='hidden' name='item_name' value='Prise en main \u00e0 distance' \/><input type='hidden' name='amount' value='39.00' \/><\/form><\/div>\n<p><script><br \/>\n  (function(i,s,o,g,r,a,m){i['GoogleAnalyticsObject']=r;i[r]=i[r]||function(){<br \/>\n  (i[r].q=i[r].q||[]).push(arguments)},i[r].l=1*new Date();a=s.createElement(o),<br \/>\n  m=s.getElementsByTagName(o)[0];a.async=1;a.src=g;m.parentNode.insertBefore(a,m)<br \/>\n  })(window,document,'script','https:\/\/www.google-analytics.com\/analytics.js','ga');<\/p>\n<p>  ga('create', 'UA-87917705-1', 'auto');<br \/>\n  ga('send', 'pageview');<\/p>\n<p><\/script><\/p>\n","protected":false},"excerpt":{"rendered":"<p>Prise en main \u00e0 distance : 39 \u20ac TTC \/ heure Gr\u00e2ce au module de prise en main \u00e0 distance t\u00e9l\u00e9chargeable ci-dessous, nous pouvons intervenir sur votre ordinateur sous Windows afin de r\u00e9aliser des d\u00e9pannages courants, l&rsquo;installation de mises \u00e0 jour, de pilotes, etc.. &#8211; Assurez-vous que votre ordinateur dispose d&rsquo;un acc\u00e8s \u00e0 Internet parfaitement<\/p>\n","protected":false},"author":1,"featured_media":0,"parent":0,"menu_order":0,"comment_status":"closed","ping_status":"closed","template":"","meta":{"footnotes":""},"class_list":["post-41","page","type-page","status-publish","hentry"],"aioseo_notices":[],"_links":{"self":[{"href":"https:\/\/capmicro.com\/index.php\/wp-json\/wp\/v2\/pages\/41","targetHints":{"allow":["GET"]}}],"collection":[{"href":"https:\/\/capmicro.com\/index.php\/wp-json\/wp\/v2\/pages"}],"about":[{"href":"https:\/\/capmicro.com\/index.php\/wp-json\/wp\/v2\/types\/page"}],"author":[{"embeddable":true,"href":"https:\/\/capmicro.com\/index.php\/wp-json\/wp\/v2\/users\/1"}],"replies":[{"embeddable":true,"href":"https:\/\/capmicro.com\/index.php\/wp-json\/wp\/v2\/comments?post=41"}],"version-history":[{"count":29,"href":"https:\/\/capmicro.com\/index.php\/wp-json\/wp\/v2\/pages\/41\/revisions"}],"predecessor-version":[{"id":1429,"href":"https:\/\/capmicro.com\/index.php\/wp-json\/wp\/v2\/pages\/41\/revisions\/1429"}],"wp:attachment":[{"href":"https:\/\/capmicro.com\/index.php\/wp-json\/wp\/v2\/media?parent=41"}],"curies":[{"name":"wp","href":"https:\/\/api.w.org\/{rel}","templated":true}]}}