{"id":455,"date":"2016-11-21T11:15:46","date_gmt":"2016-11-21T10:15:46","guid":{"rendered":"http:\/\/capmicro.com\/wp\/?page_id=455"},"modified":"2020-07-20T22:03:42","modified_gmt":"2020-07-20T21:03:42","slug":"mentions-legales","status":"publish","type":"page","link":"https:\/\/capmicro.com\/index.php\/mentions-legales\/","title":{"rendered":"Mentions L\u00e9gales"},"content":{"rendered":"<h2><img loading=\"lazy\" decoding=\"async\" class=\"size-thumbnail wp-image-133 alignnone\" src=\"http:\/\/capmicro.com\/wp\/wp-content\/uploads\/2016\/03\/logo21-03-150x150.png\" alt=\"Logo\" width=\"150\" height=\"150\" srcset=\"https:\/\/capmicro.com\/wp-content\/uploads\/2016\/03\/logo21-03-150x150.png 150w, https:\/\/capmicro.com\/wp-content\/uploads\/2016\/03\/logo21-03-300x300.png 300w, https:\/\/capmicro.com\/wp-content\/uploads\/2016\/03\/logo21-03-224x224.png 224w, https:\/\/capmicro.com\/wp-content\/uploads\/2016\/03\/logo21-03-50x50.png 50w, https:\/\/capmicro.com\/wp-content\/uploads\/2016\/03\/logo21-03-64x64.png 64w, https:\/\/capmicro.com\/wp-content\/uploads\/2016\/03\/logo21-03.png 600w\" sizes=\"auto, (max-width: 150px) 100vw, 150px\" \/><\/h2>\n<h2><span style=\"color: #ff0000;\">Mentions L\u00e9gales :<\/span><\/h2>\n<h3><span style=\"color: #0000b0;\">Editeur du site\u00a0 :<\/span><\/h3>\n<p><strong>Sarl Cap Micro<\/strong><\/p>\n<p>Adresse du si\u00e8ge social :<\/p>\n<p>111 Boulevard Clemenceau, 59700 Marcq-en-Baroeul<\/p>\n<p>Sarl au Capital de 7.622 \u20ac<\/p>\n<p>Num\u00e9ro de SIRET : 420 632 101 000<\/p>\n<p>APE : 4741Z<\/p>\n<p>Num\u00e9ro TVA : FR35420632101<\/p>\n<p>Co-g\u00e9rants :<\/p>\n<p>Bruno RIVIERE<\/p>\n<p>Micha\u00ebl MAGUERRE<\/p>\n<p>Adresse \u00e9lectronique :<\/p>\n<p><img loading=\"lazy\" decoding=\"async\" class=\"wp-image-899 alignnone\" src=\"http:\/\/capmicro.com\/wp-content\/uploads\/2019\/08\/Image3.jpg\" alt=\"contact@capmicro.cp\u00f9\" width=\"187\" height=\"36\" \/><\/p>\n<h3 class=\"mceTemp\"><span style=\"color: #000080;\">Vos droits :<\/span><\/h3>\n<p>Conform\u00e9ment aux articles L.616-1 et R.616-1 du code de la consommation, nous proposons un dispositif de m\u00e9diation de la consommation. L&rsquo;entit\u00e9 de m\u00e9diation retenue est : CNPM &#8211; MEDIATION DE LA CONSOMMATION. En cas de litige, vous pouvez d\u00e9poser votre r\u00e9clamation sur son site : https:\/\/cnpm-mediation-consommation.eu ou par voie postale en \u00e9crivant \u00e0 CNPM &#8211; MEDIATION &#8211; CONSOMMATION &#8211; 27 avenue de la lib\u00e9ration &#8211; 42400 Saint-Chamond<\/p>\n<h3><span style=\"color: #0000b0;\">H\u00e9bergement :<\/span><\/h3>\n<p>OVH SAS<\/p>\n<p>Directeur : Octave KLABA<\/p>\n<p>2 rue Kellermann &#8211; 59100 Roubaix<\/p>\n<p>Num\u00e9ro de SIRET : 424 761 419 00045<\/p>\n<p>APE 2620Z<\/p>\n<p style=\"text-align: justify;\">Vous pouvez naviguer sur ce cite de mani\u00e8re anonyme (nous ne collectons pas vos donn\u00e9es personnelles).<\/p>\n<p style=\"text-align: justify;\">Toutefois vous pouvez nous laisser vos coordonn\u00e9es volontairement par l&rsquo;interm\u00e9diaire de diff\u00e9rents formulaires de contacts. Nous nous engageons \u00e0 ne pas les communiquer \u00e0 des tiers.<\/p>\n<p style=\"text-align: justify;\">Vous avez \u00e9t\u00e9 inform\u00e9 de la pr\u00e9sence \u00e9ventuelle de cookies pour faciliter votre exp\u00e9rience de navigation.<\/p>\n<p style=\"text-align: justify;\"><em><small>Conform\u00e9ment \u00e0 la loi Informatique et Libert\u00e9s du 6 janvier 1978, vous disposez d\u2019un droit d\u2019acc\u00e8s, de rectification et de suppression des donn\u00e9es qui vous concernent en nous \u00e9crivant \u00e0 l\u2019adresse postale indiqu\u00e9e ci dessus ou en utilisant le formulaire de contact. Seule notre soci\u00e9t\u00e9 est destinataire des informations que vous lui communiquez.<\/small><\/em><\/p>\n<p style=\"text-align: justify;\">Toutes les marques cit\u00e9es sur ce site sont d\u00e9pos\u00e9es par leurs propri\u00e9taires respectifs.<\/p>\n<p><script><br \/>\n  (function(i,s,o,g,r,a,m){i['GoogleAnalyticsObject']=r;i[r]=i[r]||function(){<br \/>\n  (i[r].q=i[r].q||[]).push(arguments)},i[r].l=1*new Date();a=s.createElement(o),<br \/>\n  m=s.getElementsByTagName(o)[0];a.async=1;a.src=g;m.parentNode.insertBefore(a,m)<br \/>\n  })(window,document,'script','https:\/\/www.google-analytics.com\/analytics.js','ga');<\/p>\n<p>  ga('create', 'UA-87917705-1', 'auto');<br \/>\n  ga('send', 'pageview');<\/p>\n<p><\/script><\/p>\n","protected":false},"excerpt":{"rendered":"<p>Mentions L\u00e9gales : Editeur du site\u00a0 : Sarl Cap Micro Adresse du si\u00e8ge social : 111 Boulevard Clemenceau, 59700 Marcq-en-Baroeul Sarl au Capital de 7.622 \u20ac Num\u00e9ro de SIRET : 420 632 101 000 APE : 4741Z Num\u00e9ro TVA : FR35420632101 Co-g\u00e9rants : Bruno RIVIERE Micha\u00ebl MAGUERRE Adresse \u00e9lectronique : Vos droits : Conform\u00e9ment aux<\/p>\n","protected":false},"author":1,"featured_media":0,"parent":0,"menu_order":0,"comment_status":"closed","ping_status":"closed","template":"","meta":{"footnotes":""},"class_list":["post-455","page","type-page","status-publish","hentry"],"aioseo_notices":[],"_links":{"self":[{"href":"https:\/\/capmicro.com\/index.php\/wp-json\/wp\/v2\/pages\/455","targetHints":{"allow":["GET"]}}],"collection":[{"href":"https:\/\/capmicro.com\/index.php\/wp-json\/wp\/v2\/pages"}],"about":[{"href":"https:\/\/capmicro.com\/index.php\/wp-json\/wp\/v2\/types\/page"}],"author":[{"embeddable":true,"href":"https:\/\/capmicro.com\/index.php\/wp-json\/wp\/v2\/users\/1"}],"replies":[{"embeddable":true,"href":"https:\/\/capmicro.com\/index.php\/wp-json\/wp\/v2\/comments?post=455"}],"version-history":[{"count":28,"href":"https:\/\/capmicro.com\/index.php\/wp-json\/wp\/v2\/pages\/455\/revisions"}],"predecessor-version":[{"id":1362,"href":"https:\/\/capmicro.com\/index.php\/wp-json\/wp\/v2\/pages\/455\/revisions\/1362"}],"wp:attachment":[{"href":"https:\/\/capmicro.com\/index.php\/wp-json\/wp\/v2\/media?parent=455"}],"curies":[{"name":"wp","href":"https:\/\/api.w.org\/{rel}","templated":true}]}}