{"id":744,"date":"2017-11-04T00:23:33","date_gmt":"2017-11-03T23:23:33","guid":{"rendered":"http:\/\/capmicro.com\/?page_id=744"},"modified":"2021-04-21T23:51:03","modified_gmt":"2021-04-21T22:51:03","slug":"acces-internet","status":"publish","type":"page","link":"https:\/\/capmicro.com\/index.php\/acces-internet\/","title":{"rendered":"Acc\u00e8s Internet"},"content":{"rendered":"\n<h2 class=\"wp-block-heading\"><img loading=\"lazy\" decoding=\"async\" class=\"size-thumbnail wp-image-133 alignleft\" src=\"http:\/\/capmicro.com\/wp\/wp-content\/uploads\/2016\/03\/logo21-03-150x150.png\" alt=\"Logo\" width=\"150\" height=\"150\" srcset=\"https:\/\/capmicro.com\/wp-content\/uploads\/2016\/03\/logo21-03-150x150.png 150w, https:\/\/capmicro.com\/wp-content\/uploads\/2016\/03\/logo21-03-300x300.png 300w, https:\/\/capmicro.com\/wp-content\/uploads\/2016\/03\/logo21-03-224x224.png 224w, https:\/\/capmicro.com\/wp-content\/uploads\/2016\/03\/logo21-03-50x50.png 50w, https:\/\/capmicro.com\/wp-content\/uploads\/2016\/03\/logo21-03-64x64.png 64w, https:\/\/capmicro.com\/wp-content\/uploads\/2016\/03\/logo21-03.png 600w\" sizes=\"auto, (max-width: 150px) 100vw, 150px\" \/><\/h2>\n\n\n\n<p><\/p>\n\n\n\n<p><\/p>\n\n\n\n<p><\/p>\n\n\n\n<p><\/p>\n\n\n\n<p><\/p>\n\n\n\n<p><\/p>\n\n\n\n<p class=\"has-text-align-left\"><strong><em>Page en maintenance&#8230;<\/em><\/strong><\/p>\n\n\n\n<p><\/p>\n\n\n\n<p><em><small>Conform\u00e9ment \u00e0 la loi Informatique et Libert\u00e9s du 6 janvier 1978, vous disposez d\u2019un droit d\u2019acc\u00e8s, de rectification et de suppression des donn\u00e9es qui vous concernent en nous \u00e9crivant \u00e0 l\u2019adresse postale indiqu\u00e9e ci dessus ou en utilisant le formulaire de contact. Seule notre soci\u00e9t\u00e9 est destinataire des informations que vous lui communiquez.<\/small><\/em><\/p>\n","protected":false},"excerpt":{"rendered":"<p>Page en maintenance&#8230; Conform\u00e9ment \u00e0 la loi Informatique et Libert\u00e9s du 6 janvier 1978, vous disposez d\u2019un droit d\u2019acc\u00e8s, de rectification et de suppression des donn\u00e9es qui vous concernent en nous \u00e9crivant \u00e0 l\u2019adresse postale indiqu\u00e9e ci dessus ou en utilisant le formulaire de contact. Seule notre soci\u00e9t\u00e9 est destinataire des informations que vous lui<\/p>\n","protected":false},"author":1,"featured_media":0,"parent":0,"menu_order":0,"comment_status":"closed","ping_status":"closed","template":"","meta":{"footnotes":""},"class_list":["post-744","page","type-page","status-publish","hentry"],"aioseo_notices":[],"_links":{"self":[{"href":"https:\/\/capmicro.com\/index.php\/wp-json\/wp\/v2\/pages\/744","targetHints":{"allow":["GET"]}}],"collection":[{"href":"https:\/\/capmicro.com\/index.php\/wp-json\/wp\/v2\/pages"}],"about":[{"href":"https:\/\/capmicro.com\/index.php\/wp-json\/wp\/v2\/types\/page"}],"author":[{"embeddable":true,"href":"https:\/\/capmicro.com\/index.php\/wp-json\/wp\/v2\/users\/1"}],"replies":[{"embeddable":true,"href":"https:\/\/capmicro.com\/index.php\/wp-json\/wp\/v2\/comments?post=744"}],"version-history":[{"count":63,"href":"https:\/\/capmicro.com\/index.php\/wp-json\/wp\/v2\/pages\/744\/revisions"}],"predecessor-version":[{"id":1422,"href":"https:\/\/capmicro.com\/index.php\/wp-json\/wp\/v2\/pages\/744\/revisions\/1422"}],"wp:attachment":[{"href":"https:\/\/capmicro.com\/index.php\/wp-json\/wp\/v2\/media?parent=744"}],"curies":[{"name":"wp","href":"https:\/\/api.w.org\/{rel}","templated":true}]}}