{"id":91,"date":"2016-03-18T00:44:30","date_gmt":"2016-03-17T23:44:30","guid":{"rendered":"http:\/\/capmicro.com\/wp\/?page_id=91"},"modified":"2025-07-16T00:21:19","modified_gmt":"2025-07-15T23:21:19","slug":"nous-contacter","status":"publish","type":"page","link":"https:\/\/capmicro.com\/index.php\/nous-contacter\/","title":{"rendered":"Nous contacter"},"content":{"rendered":"<div class=\"content\">\n<h2 class=\"titre\"><img loading=\"lazy\" decoding=\"async\" class=\"alignleft wp-image-133 size-thumbnail\" src=\"http:\/\/capmicro.com\/wp\/wp-content\/uploads\/2016\/03\/logo21-03-150x150.png\" alt=\"Logo Cap Micro\" width=\"150\" height=\"150\" srcset=\"https:\/\/capmicro.com\/wp-content\/uploads\/2016\/03\/logo21-03-150x150.png 150w, https:\/\/capmicro.com\/wp-content\/uploads\/2016\/03\/logo21-03-300x300.png 300w, https:\/\/capmicro.com\/wp-content\/uploads\/2016\/03\/logo21-03-224x224.png 224w, https:\/\/capmicro.com\/wp-content\/uploads\/2016\/03\/logo21-03-50x50.png 50w, https:\/\/capmicro.com\/wp-content\/uploads\/2016\/03\/logo21-03-64x64.png 64w, https:\/\/capmicro.com\/wp-content\/uploads\/2016\/03\/logo21-03.png 600w\" sizes=\"auto, (max-width: 150px) 100vw, 150px\" \/><strong><span style=\"color: #ff0000;\">Sarl Cap Micro<\/span><\/strong><\/h2>\n<p><span style=\"color: #333333;\">111 boulevard Georges Clemenceau<\/span><\/p>\n<p><span style=\"color: #333333;\">59700 Marcq-en-Bar\u0153ul<\/span><\/p>\n<p>Siret : 420632101000 &#8211; APE : 4741Z &#8211; TVA : FR35420632101<\/p>\n<p><span style=\"color: #333333;\"><b>T\u00e9l\u00e9phone : <\/b> 03 20 98 13 35 &#8211;<\/span> Fax<span style=\"color: #333333;\"><strong> :\u00a0\u00a0 : <\/strong> 03 20 98 13 86<\/span><\/p>\n<p><span style=\"color: #333333;\">\u00a0<\/span><\/p>\n<p>.<\/p>\n<h3><span style=\"color: #0000b0;\">Formulaire de contact :<\/span><strong><span style=\"color: #0000b0;\"><br \/>\n<\/span><\/strong><\/h3>\n\n<div class=\"wpcf7 no-js\" id=\"wpcf7-f1413-o1\" lang=\"fr-FR\" dir=\"ltr\" data-wpcf7-id=\"1413\">\n<div class=\"screen-reader-response\"><p role=\"status\" aria-live=\"polite\" aria-atomic=\"true\"><\/p> <ul><\/ul><\/div>\n<form action=\"\/index.php\/wp-json\/wp\/v2\/pages\/91#wpcf7-f1413-o1\" method=\"post\" class=\"wpcf7-form init\" aria-label=\"Formulaire de contact\" novalidate=\"novalidate\" data-status=\"init\">\n<fieldset class=\"hidden-fields-container\"><input type=\"hidden\" name=\"_wpcf7\" value=\"1413\" \/><input type=\"hidden\" name=\"_wpcf7_version\" value=\"6.1.5\" \/><input type=\"hidden\" name=\"_wpcf7_locale\" value=\"fr_FR\" \/><input type=\"hidden\" name=\"_wpcf7_unit_tag\" value=\"wpcf7-f1413-o1\" \/><input type=\"hidden\" name=\"_wpcf7_container_post\" value=\"0\" \/><input type=\"hidden\" name=\"_wpcf7_posted_data_hash\" value=\"\" \/><input type=\"hidden\" name=\"_wpcf7_recaptcha_response\" value=\"\" \/>\n<\/fieldset>\n<p><label> Votre nom<br \/>\n<span class=\"wpcf7-form-control-wrap\" data-name=\"your-name\"><input size=\"40\" maxlength=\"400\" class=\"wpcf7-form-control wpcf7-text wpcf7-validates-as-required\" aria-required=\"true\" aria-invalid=\"false\" value=\"\" type=\"text\" name=\"your-name\" \/><\/span> <\/label>\n<\/p>\n<p><label> Votre e-mail<br \/>\n<span class=\"wpcf7-form-control-wrap\" data-name=\"your-email\"><input size=\"40\" maxlength=\"400\" class=\"wpcf7-form-control wpcf7-email wpcf7-validates-as-required wpcf7-text wpcf7-validates-as-email\" aria-required=\"true\" aria-invalid=\"false\" value=\"\" type=\"email\" name=\"your-email\" \/><\/span> <\/label>\n<\/p>\n<p><label> Objet<br \/>\n<span class=\"wpcf7-form-control-wrap\" data-name=\"your-subject\"><input size=\"40\" maxlength=\"400\" class=\"wpcf7-form-control wpcf7-text wpcf7-validates-as-required\" aria-required=\"true\" aria-invalid=\"false\" value=\"\" type=\"text\" name=\"your-subject\" \/><\/span> <\/label>\n<\/p>\n<p><label> Votre message (facultatif)<br \/>\n<span class=\"wpcf7-form-control-wrap\" data-name=\"your-message\"><textarea cols=\"40\" rows=\"10\" maxlength=\"2000\" class=\"wpcf7-form-control wpcf7-textarea\" aria-invalid=\"false\" name=\"your-message\"><\/textarea><\/span> <\/label>\n<\/p>\n<p><input class=\"wpcf7-form-control wpcf7-submit has-spinner\" type=\"submit\" value=\"Envoyer\" \/>\n<\/p><div class=\"wpcf7-response-output\" aria-hidden=\"true\"><\/div>\n<\/form>\n<\/div>\n\n<div class=\"content\"><span style=\"color: #999999;\"><em><small>Conform\u00e9ment \u00e0 la loi Informatique et Libert\u00e9s du 6 janvier 1978, vous disposez d&rsquo;un droit d&rsquo;acc\u00e8s, de rectification et de suppression des donn\u00e9es qui vous concernent en nous \u00e9crivant \u00e0 l&rsquo;adresse postale indiqu\u00e9e ci dessus ou en utilisant le formulaire de contact. Seule notre soci\u00e9t\u00e9 est destinataire des informations que vous lui communiquez.<\/small><\/em><\/span><\/p>\n<h3><\/h3>\n<h3><\/h3>\n<h3><span style=\"color: #0000b0;\">Carte et Itin\u00e9raire :<strong><br \/>\n<\/strong><\/span><\/h3>\n<\/div>\n<p><iframe loading=\"lazy\" style=\"border: 0px none;\" src=\"https:\/\/www.google.com\/maps\/embed?pb=!1m18!1m12!1m3!1d2528.990766412767!2d3.0861193160207336!3d50.66443197950551!2m3!1f0!2f0!3f0!3m2!1i1024!2i768!4f13.1!3m3!1m2!1s0x47c32a3ca892b665%3A0xe79ac0e2bb028fef!2sCap+Micro+Sarl!5e0!3m2!1sfr!2sfr!4v1458772446070\" width=\"600\" height=\"450\" frameborder=\"0\" allowfullscreen=\"allowfullscreen\"><\/iframe><\/p>\n<\/div>\n<h3 class=\"contact\">.<\/h3>\n<h3 class=\"contact\"><span style=\"color: #0000b0;\">Moyens d&rsquo;acc\u00e8s :<strong><br \/>\n<\/strong><\/span><\/h3>\n<div class=\"content\"><span style=\"color: #333333;\">Tramway ligne 4b , station Clemenceau<\/span><br \/>\n<span style=\"color: #333333;\"> Bus Corolle : Arr\u00eat 107-111 Boulevard Clemenceau, 59700 Marcq-en-Bar\u0153ul<\/span><\/div>\n<p><script><br \/>\n  (function(i,s,o,g,r,a,m){i['GoogleAnalyticsObject']=r;i[r]=i[r]||function(){<br \/>\n  (i[r].q=i[r].q||[]).push(arguments)},i[r].l=1*new Date();a=s.createElement(o),<br \/>\n  m=s.getElementsByTagName(o)[0];a.async=1;a.src=g;m.parentNode.insertBefore(a,m)<br \/>\n  })(window,document,'script','https:\/\/www.google-analytics.com\/analytics.js','ga');<\/p>\n<p>  ga('create', 'UA-87917705-1', 'auto');<br \/>\n  ga('send', 'pageview');<\/p>\n<p><\/script><\/p>\n","protected":false},"excerpt":{"rendered":"<p>Sarl Cap Micro 111 boulevard Georges Clemenceau 59700 Marcq-en-Bar\u0153ul Siret : 420632101000 &#8211; APE : 4741Z &#8211; TVA : FR35420632101 T\u00e9l\u00e9phone : 03 20 98 13 35 &#8211; Fax :\u00a0\u00a0 : 03 20 98 13 86 \u00a0 . Formulaire de contact : Conform\u00e9ment \u00e0 la loi Informatique et Libert\u00e9s du 6 janvier 1978, vous disposez<\/p>\n","protected":false},"author":1,"featured_media":0,"parent":0,"menu_order":0,"comment_status":"closed","ping_status":"closed","template":"","meta":{"footnotes":""},"class_list":["post-91","page","type-page","status-publish","hentry"],"aioseo_notices":[],"_links":{"self":[{"href":"https:\/\/capmicro.com\/index.php\/wp-json\/wp\/v2\/pages\/91","targetHints":{"allow":["GET"]}}],"collection":[{"href":"https:\/\/capmicro.com\/index.php\/wp-json\/wp\/v2\/pages"}],"about":[{"href":"https:\/\/capmicro.com\/index.php\/wp-json\/wp\/v2\/types\/page"}],"author":[{"embeddable":true,"href":"https:\/\/capmicro.com\/index.php\/wp-json\/wp\/v2\/users\/1"}],"replies":[{"embeddable":true,"href":"https:\/\/capmicro.com\/index.php\/wp-json\/wp\/v2\/comments?post=91"}],"version-history":[{"count":85,"href":"https:\/\/capmicro.com\/index.php\/wp-json\/wp\/v2\/pages\/91\/revisions"}],"predecessor-version":[{"id":1635,"href":"https:\/\/capmicro.com\/index.php\/wp-json\/wp\/v2\/pages\/91\/revisions\/1635"}],"wp:attachment":[{"href":"https:\/\/capmicro.com\/index.php\/wp-json\/wp\/v2\/media?parent=91"}],"curies":[{"name":"wp","href":"https:\/\/api.w.org\/{rel}","templated":true}]}}